{"id":16,"date":"2013-03-20T20:55:15","date_gmt":"2013-03-20T18:55:15","guid":{"rendered":"http:\/\/www.holzbildhauer-workshop.de\/?page_id=16"},"modified":"2026-02-14T21:12:57","modified_gmt":"2026-02-14T20:12:57","slug":"5-tage","status":"publish","type":"page","link":"https:\/\/holzbildhauer-workshop.de\/?page_id=16","title":{"rendered":"4 Tage &#8211; Skulptur"},"content":{"rendered":"\n<figure class=\"wp-block-image size-full\"><a href=\"http:\/\/hw.de\/wp-content\/uploads\/2013\/03\/4TageWS1.jpg\"><img loading=\"lazy\" decoding=\"async\" width=\"960\" height=\"400\" src=\"http:\/\/hw.de\/wp-content\/uploads\/2013\/03\/4TageWS1.jpg\" alt=\"4-Tages Workshop\" class=\"wp-image-2174\" srcset=\"https:\/\/holzbildhauer-workshop.de\/wp-content\/uploads\/2013\/03\/4TageWS1.jpg 960w, https:\/\/holzbildhauer-workshop.de\/wp-content\/uploads\/2013\/03\/4TageWS1-300x125.jpg 300w, https:\/\/holzbildhauer-workshop.de\/wp-content\/uploads\/2013\/03\/4TageWS1-768x320.jpg 768w\" sizes=\"auto, (max-width: 960px) 100vw, 960px\" \/><\/a><\/figure>\n\n\n\n<p><\/p>\n\n\n\n<h2 class=\"wp-block-heading\"><em><strong>Leistung<\/strong><\/em><\/h2>\n\n\n\n<p>Umgang mit der Kettens\u00e4ge | Grundlagen Holzbearbeitung mit dem Bildhauereisen &nbsp;|&nbsp;Werkzeug- und Materialkunde &amp; Wissenswertes \u00fcber Holz &nbsp;Entwurfarbeit und freies Arbeiten &nbsp;am Werkst\u00fcck | &nbsp;Anleitung w\u00e4hrend des gesamten Workshop-Zeitraumes | Oberfl\u00e4chenbehandlung | Vorbestellung von ma\u00dfgefertigten Skulpturensockeln |&nbsp;Tips und Unterhaltung zum Thema | <strong>ZERTIFIKAT <\/strong>|&nbsp;<\/p>\n\n\n\n<h2 class=\"wp-block-heading\"><em><strong>Teilnehmer<\/strong><\/em><\/h2>\n\n\n\n<p>Der Kurs ist f\u00fcr alle Neueinsteiger und fortgeschrittene bestens geeignet. Also&nbsp;f\u00fcr Sch\u00fcler, Studenten und Erwachsene. Die Teilnehmer werden miteinander auf eine kreative Reise gehen und erleben sowohl den Umgang mit Holz sowie die Ausdauer und Freude bei der Fertigstellung des Projektes, es fordert und belohnt.&nbsp;Holzbildhauer-Workshops sind auch au\u00dferhalb im privaten oder gesch\u00e4ftlichen Umfeld m\u00f6glich. Gerne bereiten wir daf\u00fcr den passenden Rahmen und begleiten individuelle W\u00fcnsche oder Teamarbeiten.&nbsp;Wir stellen daf\u00fcr unsere Werkstatt zur Verf\u00fcgung oder kommen zu Ihnen vor Ort!<\/p>\n\n\n\n<p>Wir geben Holzbildhauer-Workshops f\u00fcr:&nbsp;<strong><em>SIE und IHN<\/em><\/strong><strong><em>&nbsp;|&nbsp;<\/em><\/strong><strong><em>Teamworks f\u00fcr Firmen |&nbsp;<\/em><\/strong><strong><em>Sch\u00fclerprojekte<\/em><\/strong><\/p>\n\n\n\n<h2 class=\"wp-block-heading\"><em><strong>Rahmen<\/strong><\/em><\/h2>\n\n\n\n<p>Sie arbeiten unter freien Himmel mit erstklassigen Werkzeug an einer eigenen Skulptur und bekommen eine freie Auswahl an Material, sowie der Wahl Ihres Themas. Der Tag setzt sich aus 7 Stunden zusammen, der zum Entwerfen und Schnitzen und einen kreativen Austausch aufruft.&nbsp;Um Ihnen eine gute Zeit zu gew\u00e4hrleisten, sollten folgende Dinge nicht fehlen:&nbsp;eigenes Material sowie Holz oder Werkzeug kann mitgebracht werden oder wird von uns gestellt. Feste und bequeme Kleidung, sowie Handschuhe sind zu empfehlen. Bringen Sie doch Ihre lieblings Musik mit und machen Sie sich mit uns einen sch\u00f6nen Tag! F\u00fcr&nbsp;warme und kalte Getr\u00e4nke sowie &amp; Obst und Imbiss wird gesorgt sein. Warme Speisen k\u00f6nnen Mittags zzgl. bestellt und angeliefert werden.<\/p>\n\n\n\n<h2 class=\"wp-block-heading\"><em><strong>Veranstaltungsort<\/strong><\/em><\/h2>\n\n\n\n<p><strong>WERKSTATT:<\/strong>  Teilnehmerzahl: &nbsp;3 &#8211; 5 Personen | &nbsp;Workshopzeit: 10.00 &#8211; 16.00 Uhr<\/p>\n\n\n\n<p><strong>EVENT:<\/strong>&nbsp; Einzel-oder Gemeinschaftsskulptur &nbsp;| &nbsp;3-10 Personen&nbsp;<em>|&nbsp;<strong>wir kommen auch zu Ihnen!<\/strong><\/em><\/p>\n\n\n\n<p>Die Workshopgeb\u00fchren verstehen sich inkl. der Materialkosten!<\/p>\n\n\n\n<h2 class=\"wp-block-heading\"><em><strong>Kosten<\/strong><\/em><\/h2>\n\n\n\n<p>Gruppenpreise ermitteln sich durch Umfang und Dauer des Workshops.<\/p>\n\n\n\n<h2 class=\"wp-block-heading\"><em>pro Teilnehmer<\/em>&nbsp;&nbsp;<strong>480.- \u20ac &nbsp;<\/strong><\/h2>\n\n\n\n<p>inkl. 19% Mwst. &nbsp;\/ inkl. Materialkosten<\/p>\n\n\n\n<div class=\"wp-block-buttons is-layout-flex wp-block-buttons-is-layout-flex\">\n<div class=\"wp-block-button\"><a class=\"wp-block-button__link wp-element-button\" href=\"?page_id=22\">Termine<\/a><\/div>\n\n\n\n<div class=\"wp-block-button\"><a class=\"wp-block-button__link wp-element-button\">Anmelden<\/a><\/div>\n<\/div>\n\n\n\n<hr class=\"wp-block-separator has-alpha-channel-opacity\"\/>\n\n\n\n<h2 class=\"wp-block-heading\"><strong>Anmeldung &amp; Kontaktformular<\/strong><\/h2>\n\n\n\n<style id=\"wpforms-css-vars-2484\">\n\t\t\t\t#wpforms-2484 {\n\t\t\t\t--wpforms-container-padding: 0px;\n--wpforms-container-border-width: 1px;\n--wpforms-container-border-radius: 3px;\n--wpforms-background-color: rgba(0, 0, 0, 0);\n--wpforms-field-size-input-height: 43px;\n--wpforms-field-size-input-spacing: 15px;\n--wpforms-field-size-font-size: 16px;\n--wpforms-field-size-line-height: 19px;\n--wpforms-field-size-padding-h: 14px;\n--wpforms-field-size-checkbox-size: 16px;\n--wpforms-field-size-sublabel-spacing: 5px;\n--wpforms-field-size-icon-size: 1;\n--wpforms-label-size-font-size: 16px;\n--wpforms-label-size-line-height: 19px;\n--wpforms-label-size-sublabel-font-size: 14px;\n--wpforms-label-size-sublabel-line-height: 17px;\n--wpforms-button-size-font-size: 17px;\n--wpforms-button-size-height: 41px;\n--wpforms-button-size-padding-h: 15px;\n--wpforms-button-size-margin-top: 10px;\n--wpforms-container-shadow-size-box-shadow: none;\n\t\t\t}\n\t\t\t<\/style><div class=\"wpforms-container wpforms-container-full wpforms-render-modern\" id=\"wpforms-2484\"><form id=\"wpforms-form-2484\" class=\"wpforms-validate wpforms-form wpforms-ajax-form\" data-formid=\"2484\" method=\"post\" enctype=\"multipart\/form-data\" action=\"\/index.php?rest_route=%2Fwp%2Fv2%2Fpages%2F16\" data-token=\"98e3b79caece3ae52d1bab46fe31db80\" data-token-time=\"1775726899\"><noscript class=\"wpforms-error-noscript\">Bitte aktiviere JavaScript in deinem Browser, um dieses Formular fertigzustellen.<\/noscript><div id=\"wpforms-error-noscript\" style=\"display: none;\">Bitte aktiviere JavaScript in deinem Browser, um dieses Formular fertigzustellen.<\/div><div class=\"wpforms-field-container\">\t\t<div id=\"wpforms-2484-field_4-container\"\n\t\t\tclass=\"wpforms-field wpforms-field-text\"\n\t\t\tdata-field-type=\"text\"\n\t\t\tdata-field-id=\"4\"\n\t\t\t>\n\t\t\t<label class=\"wpforms-field-label\" for=\"wpforms-2484-field_4\" >der Wunschtermin Nachricht<\/label>\n\t\t\t<input type=\"text\" id=\"wpforms-2484-field_4\" class=\"wpforms-field-medium\" name=\"wpforms[fields][4]\" >\n\t\t<\/div>\n\t\t<div id=\"wpforms-2484-field_1-container\" class=\"wpforms-field wpforms-field-text\" data-field-id=\"1\"><label class=\"wpforms-field-label\" for=\"wpforms-2484-field_1\">Ihr Name<\/label><input type=\"text\" id=\"wpforms-2484-field_1\" class=\"wpforms-field-medium\" name=\"wpforms[fields][1]\" aria-errormessage=\"wpforms-2484-field_1-error\" ><\/div><div id=\"wpforms-2484-field_2-container\" class=\"wpforms-field wpforms-field-email\" data-field-id=\"2\"><label class=\"wpforms-field-label\" for=\"wpforms-2484-field_2\">E-Mail-Adresse <span class=\"wpforms-required-label\" aria-hidden=\"true\">*<\/span><\/label><input type=\"email\" id=\"wpforms-2484-field_2\" class=\"wpforms-field-medium wpforms-field-required\" name=\"wpforms[fields][2]\" spellcheck=\"false\" aria-errormessage=\"wpforms-2484-field_2-error\" required><\/div><div id=\"wpforms-2484-field_3-container\" class=\"wpforms-field wpforms-field-checkbox\" data-field-id=\"3\"><fieldset><legend class=\"wpforms-field-label\">Wof\u00fcr interessieren Sie sich?<\/legend><ul id=\"wpforms-2484-field_3\"><li class=\"choice-4 depth-1\"><input type=\"checkbox\" id=\"wpforms-2484-field_3_4\" name=\"wpforms[fields][3][]\" value=\"*** Geschenkgutschein ***\" aria-errormessage=\"wpforms-2484-field_3_4-error\"  ><label class=\"wpforms-field-label-inline\" for=\"wpforms-2484-field_3_4\">*** Geschenkgutschein ***<\/label><\/li><li class=\"choice-1 depth-1\"><input type=\"checkbox\" id=\"wpforms-2484-field_3_1\" name=\"wpforms[fields][3][]\" value=\"1-Tages-Workshop\" aria-errormessage=\"wpforms-2484-field_3_1-error\"  ><label class=\"wpforms-field-label-inline\" for=\"wpforms-2484-field_3_1\">1-Tages-Workshop<\/label><\/li><li class=\"choice-2 depth-1\"><input type=\"checkbox\" id=\"wpforms-2484-field_3_2\" name=\"wpforms[fields][3][]\" value=\"2-Tages-Workshop\" aria-errormessage=\"wpforms-2484-field_3_2-error\"  ><label class=\"wpforms-field-label-inline\" for=\"wpforms-2484-field_3_2\">2-Tages-Workshop<\/label><\/li><li class=\"choice-3 depth-1\"><input type=\"checkbox\" id=\"wpforms-2484-field_3_3\" name=\"wpforms[fields][3][]\" value=\"4-Tages-Workshop\" aria-errormessage=\"wpforms-2484-field_3_3-error\"  ><label class=\"wpforms-field-label-inline\" for=\"wpforms-2484-field_3_3\">4-Tages-Workshop<\/label><\/li><li class=\"choice-5 depth-1\"><input type=\"checkbox\" id=\"wpforms-2484-field_3_5\" name=\"wpforms[fields][3][]\" value=\"Projektarbeit\" aria-errormessage=\"wpforms-2484-field_3_5-error\"  ><label class=\"wpforms-field-label-inline\" for=\"wpforms-2484-field_3_5\">Projektarbeit<\/label><\/li><li class=\"choice-6 depth-1\"><input type=\"checkbox\" id=\"wpforms-2484-field_3_6\" name=\"wpforms[fields][3][]\" value=\"Firmenevent\" aria-errormessage=\"wpforms-2484-field_3_6-error\"  ><label class=\"wpforms-field-label-inline\" for=\"wpforms-2484-field_3_6\">Firmenevent<\/label><\/li><li class=\"choice-7 depth-1\"><input type=\"checkbox\" id=\"wpforms-2484-field_3_7\" name=\"wpforms[fields][3][]\" value=\"Kinderevent\" aria-errormessage=\"wpforms-2484-field_3_7-error\"  ><label class=\"wpforms-field-label-inline\" for=\"wpforms-2484-field_3_7\">Kinderevent<\/label><\/li><\/ul><\/fieldset><\/div><div id=\"wpforms-2484-field_5-container\" class=\"wpforms-field wpforms-field-textarea\" data-field-id=\"5\"><label class=\"wpforms-field-label\" for=\"wpforms-2484-field_5\">Nachricht (bei der Anmeldung zum Workshop bitte Wunschtermin angeben) - siehe Termine <span class=\"wpforms-required-label\" aria-hidden=\"true\">*<\/span><\/label><textarea id=\"wpforms-2484-field_5\" class=\"wpforms-field-medium wpforms-field-required\" name=\"wpforms[fields][5]\" aria-errormessage=\"wpforms-2484-field_5-error\" required><\/textarea><\/div><div id=\"wpforms-2484-field_6-container\" class=\"wpforms-field wpforms-field-gdpr-checkbox\" data-field-id=\"6\"><label class=\"wpforms-field-label\">DSGVO-Einverst\u00e4ndnis <span class=\"wpforms-required-label\" aria-hidden=\"true\">*<\/span><\/label><ul id=\"wpforms-2484-field_6\" class=\"wpforms-field-required\"><li class=\"choice-1\"><input type=\"checkbox\" id=\"wpforms-2484-field_6_1\" name=\"wpforms[fields][6][]\" value=\"Ich willige ein, dass diese Website meine \u00fcbermittelten Informationen speichert, sodass meine Anfrage beantwortet werden kann.\" aria-errormessage=\"wpforms-2484-field_6_1-error\" required ><label class=\"wpforms-field-label-inline\" for=\"wpforms-2484-field_6_1\">Ich willige ein, dass diese Website meine \u00fcbermittelten Informationen speichert, sodass meine Anfrage beantwortet werden kann.<\/label><\/li><\/ul><\/div><script>\n\t\t\t\t( function() {\n\t\t\t\t\tconst style = document.createElement( 'style' );\n\t\t\t\t\tstyle.appendChild( document.createTextNode( '#wpforms-2484-field_4-container { position: absolute !important; overflow: hidden !important; display: inline !important; height: 1px !important; width: 1px !important; z-index: -1000 !important; padding: 0 !important; } #wpforms-2484-field_4-container input { visibility: hidden; } #wpforms-conversational-form-page #wpforms-2484-field_4-container label { counter-increment: none; }' ) );\n\t\t\t\t\tdocument.head.appendChild( style );\n\t\t\t\t\tdocument.currentScript?.remove();\n\t\t\t\t} )();\n\t\t\t<\/script><\/div><!-- .wpforms-field-container --><div class=\"wpforms-submit-container\" ><input type=\"hidden\" name=\"wpforms[id]\" value=\"2484\"><input type=\"hidden\" name=\"page_title\" value=\"\"><input type=\"hidden\" name=\"page_url\" value=\"https:\/\/holzbildhauer-workshop.de\/index.php?rest_route=\/wp\/v2\/pages\/16\"><input type=\"hidden\" name=\"url_referer\" value=\"\"><button type=\"submit\" name=\"wpforms[submit]\" id=\"wpforms-submit-2484\" class=\"wpforms-submit\" data-alt-text=\"Wird gesendet\u00a0\u2026\" data-submit-text=\"Absenden\" aria-live=\"assertive\" value=\"wpforms-submit\">Absenden<\/button><img loading=\"lazy\" decoding=\"async\" src=\"https:\/\/holzbildhauer-workshop.de\/wp-content\/plugins\/wpforms-lite\/assets\/images\/submit-spin.svg\" class=\"wpforms-submit-spinner\" style=\"display: none;\" width=\"26\" height=\"26\" alt=\"Wird geladen\"><\/div><\/form><\/div>  <!-- .wpforms-container -->\n","protected":false},"excerpt":{"rendered":"<p>Leistung Umgang mit der Kettens\u00e4ge | Grundlagen Holzbearbeitung mit dem Bildhauereisen &nbsp;|&nbsp;Werkzeug- und Materialkunde &amp; Wissenswertes \u00fcber Holz &nbsp;Entwurfarbeit und freies Arbeiten &nbsp;am Werkst\u00fcck | &nbsp;Anleitung w\u00e4hrend des gesamten Workshop-Zeitraumes | Oberfl\u00e4chenbehandlung | Vorbestellung von ma\u00dfgefertigten Skulpturensockeln |&nbsp;Tips und Unterhaltung zum Thema | ZERTIFIKAT |&nbsp; Teilnehmer Der Kurs ist f\u00fcr alle Neueinsteiger und fortgeschrittene bestens &#8230; <a title=\"4 Tage &#8211; Skulptur\" class=\"read-more\" href=\"https:\/\/holzbildhauer-workshop.de\/?page_id=16\" aria-label=\"Mehr Informationen \u00fcber 4 Tage &#8211; Skulptur\">Weiterlesen &#8230;<\/a><\/p>\n","protected":false},"author":1,"featured_media":0,"parent":0,"menu_order":0,"comment_status":"closed","ping_status":"closed","template":"","meta":{"footnotes":""},"class_list":["post-16","page","type-page","status-publish"],"yoast_head":"<!-- This site is optimized with the Yoast SEO plugin v26.9 - https:\/\/yoast.com\/product\/yoast-seo-wordpress\/ -->\n<title>Holzbildhauerei Skulptur f\u00fcr Einsteiger und Fortgeschrittene - Holzbildhauer-Workshop<\/title>\n<meta name=\"description\" content=\"Lernen Sie die Grundlagen der Holzbildhauerei Skulptur und erleben Sie kreative Momente bei der Holzbearbeitung mit uns.\" \/>\n<meta name=\"robots\" content=\"index, follow, max-snippet:-1, max-image-preview:large, max-video-preview:-1\" \/>\n<link rel=\"canonical\" href=\"https:\/\/holzbildhauer-workshop.de\/?page_id=16\" \/>\n<meta property=\"og:locale\" content=\"de_DE\" \/>\n<meta property=\"og:type\" content=\"article\" \/>\n<meta property=\"og:title\" content=\"Holzbildhauerei Skulptur f\u00fcr Einsteiger und Fortgeschrittene - Holzbildhauer-Workshop\" \/>\n<meta property=\"og:description\" content=\"Lernen Sie die Grundlagen der Holzbildhauerei Skulptur und erleben Sie kreative Momente bei der Holzbearbeitung mit uns.\" \/>\n<meta property=\"og:url\" content=\"https:\/\/holzbildhauer-workshop.de\/?page_id=16\" \/>\n<meta property=\"og:site_name\" content=\"Holzbildhauer-Workshop\" \/>\n<meta property=\"article:modified_time\" content=\"2026-02-14T20:12:57+00:00\" \/>\n<meta property=\"og:image\" content=\"https:\/\/holzbildhauer-workshop.de\/wp-content\/uploads\/2013\/03\/4TageWS1.jpg\" \/>\n\t<meta property=\"og:image:width\" content=\"960\" \/>\n\t<meta property=\"og:image:height\" content=\"400\" \/>\n\t<meta property=\"og:image:type\" content=\"image\/jpeg\" \/>\n<meta name=\"twitter:card\" content=\"summary_large_image\" \/>\n<meta name=\"twitter:label1\" content=\"Gesch\u00e4tzte Lesezeit\" \/>\n\t<meta name=\"twitter:data1\" content=\"2\u00a0Minuten\" \/>\n<script type=\"application\/ld+json\" class=\"yoast-schema-graph\">{\"@context\":\"https:\/\/schema.org\",\"@graph\":[{\"@type\":\"WebPage\",\"@id\":\"https:\/\/holzbildhauer-workshop.de\/?page_id=16\",\"url\":\"https:\/\/holzbildhauer-workshop.de\/?page_id=16\",\"name\":\"Holzbildhauerei Skulptur f\u00fcr Einsteiger und Fortgeschrittene - Holzbildhauer-Workshop\",\"isPartOf\":{\"@id\":\"https:\/\/holzbildhauer-workshop.de\/#website\"},\"primaryImageOfPage\":{\"@id\":\"https:\/\/holzbildhauer-workshop.de\/?page_id=16#primaryimage\"},\"image\":{\"@id\":\"https:\/\/holzbildhauer-workshop.de\/?page_id=16#primaryimage\"},\"thumbnailUrl\":\"http:\/\/hw.de\/wp-content\/uploads\/2013\/03\/4TageWS1.jpg\",\"datePublished\":\"2013-03-20T18:55:15+00:00\",\"dateModified\":\"2026-02-14T20:12:57+00:00\",\"description\":\"Lernen Sie die Grundlagen der Holzbildhauerei Skulptur und erleben Sie kreative Momente bei der Holzbearbeitung mit uns.\",\"breadcrumb\":{\"@id\":\"https:\/\/holzbildhauer-workshop.de\/?page_id=16#breadcrumb\"},\"inLanguage\":\"de\",\"potentialAction\":[{\"@type\":\"ReadAction\",\"target\":[\"https:\/\/holzbildhauer-workshop.de\/?page_id=16\"]}]},{\"@type\":\"ImageObject\",\"inLanguage\":\"de\",\"@id\":\"https:\/\/holzbildhauer-workshop.de\/?page_id=16#primaryimage\",\"url\":\"http:\/\/hw.de\/wp-content\/uploads\/2013\/03\/4TageWS1.jpg\",\"contentUrl\":\"http:\/\/hw.de\/wp-content\/uploads\/2013\/03\/4TageWS1.jpg\"},{\"@type\":\"BreadcrumbList\",\"@id\":\"https:\/\/holzbildhauer-workshop.de\/?page_id=16#breadcrumb\",\"itemListElement\":[{\"@type\":\"ListItem\",\"position\":1,\"name\":\"Start\",\"item\":\"https:\/\/holzbildhauer-workshop.de\/\"},{\"@type\":\"ListItem\",\"position\":2,\"name\":\"4 Tage &#8211; Skulptur\"}]},{\"@type\":\"WebSite\",\"@id\":\"https:\/\/holzbildhauer-workshop.de\/#website\",\"url\":\"https:\/\/holzbildhauer-workshop.de\/\",\"name\":\"Holzbildhauer-Workshop\",\"description\":\"Holzbildhauer Workshops in Erfurt\",\"publisher\":{\"@id\":\"https:\/\/holzbildhauer-workshop.de\/#\/schema\/person\/0f427df507260f3caa649406922716b1\"},\"alternateName\":\"Kunst f\u00fcr alle F\u00e4lle \u2013 Holzbildhauer Workshops in Erfurt\",\"potentialAction\":[{\"@type\":\"SearchAction\",\"target\":{\"@type\":\"EntryPoint\",\"urlTemplate\":\"https:\/\/holzbildhauer-workshop.de\/?s={search_term_string}\"},\"query-input\":{\"@type\":\"PropertyValueSpecification\",\"valueRequired\":true,\"valueName\":\"search_term_string\"}}],\"inLanguage\":\"de\"},{\"@type\":[\"Person\",\"Organization\"],\"@id\":\"https:\/\/holzbildhauer-workshop.de\/#\/schema\/person\/0f427df507260f3caa649406922716b1\",\"name\":\"admin\",\"image\":{\"@type\":\"ImageObject\",\"inLanguage\":\"de\",\"@id\":\"https:\/\/holzbildhauer-workshop.de\/#\/schema\/person\/image\/\",\"url\":\"https:\/\/holzbildhauer-workshop.de\/wp-content\/uploads\/2026\/02\/favicon.png\",\"contentUrl\":\"https:\/\/holzbildhauer-workshop.de\/wp-content\/uploads\/2026\/02\/favicon.png\",\"width\":32,\"height\":32,\"caption\":\"admin\"},\"logo\":{\"@id\":\"https:\/\/holzbildhauer-workshop.de\/#\/schema\/person\/image\/\"},\"sameAs\":[\"http:\/\/hw.de\"]}]}<\/script>\n<!-- \/ Yoast SEO plugin. -->","yoast_head_json":{"title":"Holzbildhauerei Skulptur f\u00fcr Einsteiger und Fortgeschrittene - Holzbildhauer-Workshop","description":"Lernen Sie die Grundlagen der Holzbildhauerei Skulptur und erleben Sie kreative Momente bei der Holzbearbeitung mit uns.","robots":{"index":"index","follow":"follow","max-snippet":"max-snippet:-1","max-image-preview":"max-image-preview:large","max-video-preview":"max-video-preview:-1"},"canonical":"https:\/\/holzbildhauer-workshop.de\/?page_id=16","og_locale":"de_DE","og_type":"article","og_title":"Holzbildhauerei Skulptur f\u00fcr Einsteiger und Fortgeschrittene - Holzbildhauer-Workshop","og_description":"Lernen Sie die Grundlagen der Holzbildhauerei Skulptur und erleben Sie kreative Momente bei der Holzbearbeitung mit uns.","og_url":"https:\/\/holzbildhauer-workshop.de\/?page_id=16","og_site_name":"Holzbildhauer-Workshop","article_modified_time":"2026-02-14T20:12:57+00:00","og_image":[{"width":960,"height":400,"url":"https:\/\/holzbildhauer-workshop.de\/wp-content\/uploads\/2013\/03\/4TageWS1.jpg","type":"image\/jpeg"}],"twitter_card":"summary_large_image","twitter_misc":{"Gesch\u00e4tzte Lesezeit":"2\u00a0Minuten"},"schema":{"@context":"https:\/\/schema.org","@graph":[{"@type":"WebPage","@id":"https:\/\/holzbildhauer-workshop.de\/?page_id=16","url":"https:\/\/holzbildhauer-workshop.de\/?page_id=16","name":"Holzbildhauerei Skulptur f\u00fcr Einsteiger und Fortgeschrittene - Holzbildhauer-Workshop","isPartOf":{"@id":"https:\/\/holzbildhauer-workshop.de\/#website"},"primaryImageOfPage":{"@id":"https:\/\/holzbildhauer-workshop.de\/?page_id=16#primaryimage"},"image":{"@id":"https:\/\/holzbildhauer-workshop.de\/?page_id=16#primaryimage"},"thumbnailUrl":"http:\/\/hw.de\/wp-content\/uploads\/2013\/03\/4TageWS1.jpg","datePublished":"2013-03-20T18:55:15+00:00","dateModified":"2026-02-14T20:12:57+00:00","description":"Lernen Sie die Grundlagen der Holzbildhauerei Skulptur und erleben Sie kreative Momente bei der Holzbearbeitung mit uns.","breadcrumb":{"@id":"https:\/\/holzbildhauer-workshop.de\/?page_id=16#breadcrumb"},"inLanguage":"de","potentialAction":[{"@type":"ReadAction","target":["https:\/\/holzbildhauer-workshop.de\/?page_id=16"]}]},{"@type":"ImageObject","inLanguage":"de","@id":"https:\/\/holzbildhauer-workshop.de\/?page_id=16#primaryimage","url":"http:\/\/hw.de\/wp-content\/uploads\/2013\/03\/4TageWS1.jpg","contentUrl":"http:\/\/hw.de\/wp-content\/uploads\/2013\/03\/4TageWS1.jpg"},{"@type":"BreadcrumbList","@id":"https:\/\/holzbildhauer-workshop.de\/?page_id=16#breadcrumb","itemListElement":[{"@type":"ListItem","position":1,"name":"Start","item":"https:\/\/holzbildhauer-workshop.de\/"},{"@type":"ListItem","position":2,"name":"4 Tage &#8211; Skulptur"}]},{"@type":"WebSite","@id":"https:\/\/holzbildhauer-workshop.de\/#website","url":"https:\/\/holzbildhauer-workshop.de\/","name":"Holzbildhauer-Workshop","description":"Holzbildhauer Workshops in Erfurt","publisher":{"@id":"https:\/\/holzbildhauer-workshop.de\/#\/schema\/person\/0f427df507260f3caa649406922716b1"},"alternateName":"Kunst f\u00fcr alle F\u00e4lle \u2013 Holzbildhauer Workshops in Erfurt","potentialAction":[{"@type":"SearchAction","target":{"@type":"EntryPoint","urlTemplate":"https:\/\/holzbildhauer-workshop.de\/?s={search_term_string}"},"query-input":{"@type":"PropertyValueSpecification","valueRequired":true,"valueName":"search_term_string"}}],"inLanguage":"de"},{"@type":["Person","Organization"],"@id":"https:\/\/holzbildhauer-workshop.de\/#\/schema\/person\/0f427df507260f3caa649406922716b1","name":"admin","image":{"@type":"ImageObject","inLanguage":"de","@id":"https:\/\/holzbildhauer-workshop.de\/#\/schema\/person\/image\/","url":"https:\/\/holzbildhauer-workshop.de\/wp-content\/uploads\/2026\/02\/favicon.png","contentUrl":"https:\/\/holzbildhauer-workshop.de\/wp-content\/uploads\/2026\/02\/favicon.png","width":32,"height":32,"caption":"admin"},"logo":{"@id":"https:\/\/holzbildhauer-workshop.de\/#\/schema\/person\/image\/"},"sameAs":["http:\/\/hw.de"]}]}},"_links":{"self":[{"href":"https:\/\/holzbildhauer-workshop.de\/index.php?rest_route=\/wp\/v2\/pages\/16","targetHints":{"allow":["GET"]}}],"collection":[{"href":"https:\/\/holzbildhauer-workshop.de\/index.php?rest_route=\/wp\/v2\/pages"}],"about":[{"href":"https:\/\/holzbildhauer-workshop.de\/index.php?rest_route=\/wp\/v2\/types\/page"}],"author":[{"embeddable":true,"href":"https:\/\/holzbildhauer-workshop.de\/index.php?rest_route=\/wp\/v2\/users\/1"}],"replies":[{"embeddable":true,"href":"https:\/\/holzbildhauer-workshop.de\/index.php?rest_route=%2Fwp%2Fv2%2Fcomments&post=16"}],"version-history":[{"count":14,"href":"https:\/\/holzbildhauer-workshop.de\/index.php?rest_route=\/wp\/v2\/pages\/16\/revisions"}],"predecessor-version":[{"id":2669,"href":"https:\/\/holzbildhauer-workshop.de\/index.php?rest_route=\/wp\/v2\/pages\/16\/revisions\/2669"}],"wp:attachment":[{"href":"https:\/\/holzbildhauer-workshop.de\/index.php?rest_route=%2Fwp%2Fv2%2Fmedia&parent=16"}],"curies":[{"name":"wp","href":"https:\/\/api.w.org\/{rel}","templated":true}]}}