{"id":31,"date":"2013-03-20T20:57:34","date_gmt":"2013-03-20T18:57:34","guid":{"rendered":"http:\/\/www.holzbildhauer-workshop.de\/?page_id=31"},"modified":"2026-02-14T21:04:46","modified_gmt":"2026-02-14T20:04:46","slug":"events","status":"publish","type":"page","link":"https:\/\/holzbildhauer-workshop.de\/?page_id=31","title":{"rendered":"Schulgruppen &#038; Firmen"},"content":{"rendered":"\n<h2 class=\"wp-block-heading\"><span style=\"color: #333333;\"><em><strong>Leistung<\/strong><\/em><\/span><\/h2>\n\n\n\n<p><span style=\"color: #333333;\">Motivationstraining und Aufgabenbew\u00e4ltigung durch Teamarbeit | Grundlagen der Holzbildhauerei | Umgang mit dem Bildhauereisen &nbsp;|&nbsp;Werkzeug- und Materialkunde |&nbsp;Entwurfarbeit und freies Arbeiten &nbsp;am Objekt | &nbsp;Anleitung w\u00e4hrend des gesamten Workshop-Zeitraumes | Oberfl\u00e4chenbehandlung |&nbsp;Tips und Unterhaltung zum Thema | Eigene Holzobjekte f\u00fcr Ihre R\u00e4ume |&nbsp;<strong>ZERTIFIKATE<\/strong><\/span><\/p>\n\n\n\n<h2 class=\"wp-block-heading\"><span style=\"color: #333333;\"><em><strong>Teilnehmer<\/strong><\/em><\/span><\/h2>\n\n\n\n<p><span style=\"color: #333333;\">Der Kurs ist f\u00fcr alle Neueinsteiger und fortgeschrittene bestens geeignet. Die Teilnehmer werden neben dem Umgang mit Holz, auch&nbsp;einen kreativen Prozess erleben, bei dem ein produktiver Austausch sowie die Freude bei der Fertigstellung des Projektes entstehen kann . Gerne bereiten wir daf\u00fcr den passenden Rahmen und begleiten individuelle W\u00fcnsche oder Teamarbeiten.&nbsp;Wir stellen daf\u00fcr unsere Werkstatt zur Verf\u00fcgung oder kommen zu Ihnen vor Ort!<\/span><\/p>\n\n\n\n<p><span style=\"color: #333333;\">Wir geben Holzbildhauer-Workshops f\u00fcr:<br><strong><em>Kollegen und Partner |&nbsp;<\/em><\/strong><strong><em>Teamarbeiten &nbsp;f\u00fcr Firmen und Vereine | &nbsp;zB.Weihnachts- oder Sommer Feierern &amp; Jubil\u00e4en<\/em><\/strong><\/span><\/p>\n\n\n\n<h2 class=\"wp-block-heading\"><span style=\"color: #333333;\"><em><strong>Rahmen<\/strong><\/em><\/span><\/h2>\n\n\n\n<p><span style=\"color: #333333;\">Sie arbeiten unter freien Himmel mit erstklassigen Werkzeug an einem eigenen Arbeitsplatz und bekommen freie Auswahl an verschiedenen H\u00f6lzern. Ein Workshop setzt sich aus verschiedenen Komponenten zusammen, bei dem Entwurf und Umsetzung als kreativen Prozess im Vordergrund stehen wird.&nbsp;Um Ihnen eine gute Zeit zu gew\u00e4hrleisten, sollten folgende Dinge genannt werden:&nbsp;eigenes Material sowie Holz oder Werkzeug kann mitgebracht werden oder wird von uns gestellt. Feste und bequeme Kleidung, sowie Handschuhe sind zu empfehlen. Bringen Sie doch Ihre lieblings Musik mit und machen Sie sich mit uns einen sch\u00f6nen Tag! F\u00fcr&nbsp;warme und kalte Getr\u00e4nke sowie &amp; Obst und Imbiss wird gesorgt sein. Warme Speisen k\u00f6nnen Mittags zzgl. bestellt und von ausgew\u00e4hlten Partnern angeliefert werden.<\/span><\/p>\n\n\n\n<h2 class=\"wp-block-heading\"><span style=\"color: #333333;\"><em><strong>Veranstaltungsort<\/strong><\/em><\/span><\/h2>\n\n\n\n<p><span style=\"color: #333333;\"><span style=\"color: #333333;\"><strong>WERKSTATT:<\/strong><\/span>&nbsp; Teilnehmerzahl: &nbsp;2- 10 Personen | ab 16 Jahre &nbsp;Workshopzeit: 9.30 &#8211; 16.30 Uhr<\/span><\/p>\n\n\n\n<p><span style=\"color: #333333;\"><strong><span style=\"color: #333333;\">EVENT<\/span>:<\/strong>&nbsp; Einzel-oder Gemeinschaftsskulptur | &nbsp;2-10 Personen&nbsp;<em>|&nbsp;<strong>wir kommen auch zu Ihnen!<\/strong><\/em><\/span><\/p>\n\n\n\n<h2 class=\"wp-block-heading\"><span style=\"color: #333333;\"><em><strong>Kosten<\/strong><\/em><\/span><\/h2>\n\n\n\n<p><span style=\"color: #333333;\">Die Workshopgeb\u00fchren werden vor dem Workshopbeginn \u00fcberwiesen und damit fest gebucht.&nbsp;Alle Workshopgeb\u00fchren verstehen sich zzgl. der Materialkosten, die sich vor Ort zwischen 50.- bis 150.- EUR bewegen k\u00f6nnen. Gruppenpreise ermitteln sich durch Umfang und Dauer des Workshops. Bitte sprechen Sie uns daf\u00fcr an und beachten Sie unsere AGB\u00b4s.<\/span><\/p>\n\n\n\n<hr class=\"wp-block-separator has-alpha-channel-opacity\"\/>\n\n\n\n<h2 class=\"wp-block-heading\"><span style=\"color: #333333;\"><strong><em><span style=\"color: #888888;\">Gruppenpreise <\/span><\/em><\/strong><span style=\"color: #c0c0c0;\"><em>*<\/em><\/span><strong><em>&nbsp;<\/em><\/strong><\/span><\/h2>\n\n\n\n<p><\/p>\n\n\n\n<p><span style=\"color: #333333;\">* Preise ergeben sich nach Teilnehmerzahl und Umfang<\/span><\/p>\n\n\n\n<p><span style=\"color: #333333;\">** f\u00fcr Firmen und Sch\u00fclergruppen, Veranstaltungen oder private Feiern.<\/span><\/p>\n\n\n\n<div class=\"wp-block-buttons is-layout-flex wp-block-buttons-is-layout-flex\">\n<div class=\"wp-block-button\"><a class=\"wp-block-button__link wp-element-button\" href=\"\/?page_id=20\">Event anfragen<\/a><\/div>\n<\/div>\n\n\n\n<p><\/p>\n","protected":false},"excerpt":{"rendered":"<p>Leistung Motivationstraining und Aufgabenbew\u00e4ltigung durch Teamarbeit | Grundlagen der Holzbildhauerei | Umgang mit dem Bildhauereisen &nbsp;|&nbsp;Werkzeug- und Materialkunde |&nbsp;Entwurfarbeit und freies Arbeiten &nbsp;am Objekt | &nbsp;Anleitung w\u00e4hrend des gesamten Workshop-Zeitraumes | Oberfl\u00e4chenbehandlung |&nbsp;Tips und Unterhaltung zum Thema | Eigene Holzobjekte f\u00fcr Ihre R\u00e4ume |&nbsp;ZERTIFIKATE Teilnehmer Der Kurs ist f\u00fcr alle Neueinsteiger und fortgeschrittene bestens geeignet. &#8230; <a title=\"Schulgruppen &#038; Firmen\" class=\"read-more\" href=\"https:\/\/holzbildhauer-workshop.de\/?page_id=31\" aria-label=\"Mehr Informationen \u00fcber Schulgruppen &#038; Firmen\">Weiterlesen &#8230;<\/a><\/p>\n","protected":false},"author":1,"featured_media":0,"parent":0,"menu_order":0,"comment_status":"closed","ping_status":"closed","template":"","meta":{"footnotes":""},"class_list":["post-31","page","type-page","status-publish"],"yoast_head":"<!-- This site is optimized with the Yoast SEO plugin v26.9 - https:\/\/yoast.com\/product\/yoast-seo-wordpress\/ -->\n<title>Schulgruppen &amp; Firmen - Holzbildhauer-Workshop<\/title>\n<meta name=\"robots\" content=\"index, follow, max-snippet:-1, max-image-preview:large, max-video-preview:-1\" \/>\n<link rel=\"canonical\" href=\"https:\/\/holzbildhauer-workshop.de\/?page_id=31\" \/>\n<meta property=\"og:locale\" content=\"de_DE\" \/>\n<meta property=\"og:type\" content=\"article\" \/>\n<meta property=\"og:title\" content=\"Schulgruppen &amp; Firmen - Holzbildhauer-Workshop\" \/>\n<meta property=\"og:description\" content=\"Leistung Motivationstraining und Aufgabenbew\u00e4ltigung durch Teamarbeit | Grundlagen der Holzbildhauerei | Umgang mit dem Bildhauereisen &nbsp;|&nbsp;Werkzeug- und Materialkunde |&nbsp;Entwurfarbeit und freies Arbeiten &nbsp;am Objekt | &nbsp;Anleitung w\u00e4hrend des gesamten Workshop-Zeitraumes | Oberfl\u00e4chenbehandlung |&nbsp;Tips und Unterhaltung zum Thema | Eigene Holzobjekte f\u00fcr Ihre R\u00e4ume |&nbsp;ZERTIFIKATE Teilnehmer Der Kurs ist f\u00fcr alle Neueinsteiger und fortgeschrittene bestens geeignet. ... Weiterlesen ...\" \/>\n<meta property=\"og:url\" content=\"https:\/\/holzbildhauer-workshop.de\/?page_id=31\" \/>\n<meta property=\"og:site_name\" content=\"Holzbildhauer-Workshop\" \/>\n<meta property=\"article:modified_time\" content=\"2026-02-14T20:04:46+00:00\" \/>\n<meta property=\"og:image\" content=\"https:\/\/holzbildhauer-workshop.de\/wp-content\/uploads\/2026\/02\/HBHWS.jpg\" \/>\n\t<meta property=\"og:image:width\" content=\"960\" \/>\n\t<meta property=\"og:image:height\" content=\"400\" \/>\n\t<meta property=\"og:image:type\" content=\"image\/jpeg\" \/>\n<meta name=\"twitter:card\" content=\"summary_large_image\" \/>\n<meta name=\"twitter:label1\" content=\"Gesch\u00e4tzte Lesezeit\" \/>\n\t<meta name=\"twitter:data1\" content=\"2\u00a0Minuten\" \/>\n<script type=\"application\/ld+json\" class=\"yoast-schema-graph\">{\"@context\":\"https:\/\/schema.org\",\"@graph\":[{\"@type\":\"WebPage\",\"@id\":\"https:\/\/holzbildhauer-workshop.de\/?page_id=31\",\"url\":\"https:\/\/holzbildhauer-workshop.de\/?page_id=31\",\"name\":\"Schulgruppen & Firmen - Holzbildhauer-Workshop\",\"isPartOf\":{\"@id\":\"https:\/\/holzbildhauer-workshop.de\/#website\"},\"datePublished\":\"2013-03-20T18:57:34+00:00\",\"dateModified\":\"2026-02-14T20:04:46+00:00\",\"breadcrumb\":{\"@id\":\"https:\/\/holzbildhauer-workshop.de\/?page_id=31#breadcrumb\"},\"inLanguage\":\"de\",\"potentialAction\":[{\"@type\":\"ReadAction\",\"target\":[\"https:\/\/holzbildhauer-workshop.de\/?page_id=31\"]}]},{\"@type\":\"BreadcrumbList\",\"@id\":\"https:\/\/holzbildhauer-workshop.de\/?page_id=31#breadcrumb\",\"itemListElement\":[{\"@type\":\"ListItem\",\"position\":1,\"name\":\"Start\",\"item\":\"https:\/\/holzbildhauer-workshop.de\/\"},{\"@type\":\"ListItem\",\"position\":2,\"name\":\"Schulgruppen &#038; Firmen\"}]},{\"@type\":\"WebSite\",\"@id\":\"https:\/\/holzbildhauer-workshop.de\/#website\",\"url\":\"https:\/\/holzbildhauer-workshop.de\/\",\"name\":\"Holzbildhauer-Workshop\",\"description\":\"Holzbildhauer Workshops in Erfurt\",\"publisher\":{\"@id\":\"https:\/\/holzbildhauer-workshop.de\/#\/schema\/person\/0f427df507260f3caa649406922716b1\"},\"alternateName\":\"Kunst f\u00fcr alle F\u00e4lle \u2013 Holzbildhauer Workshops in Erfurt\",\"potentialAction\":[{\"@type\":\"SearchAction\",\"target\":{\"@type\":\"EntryPoint\",\"urlTemplate\":\"https:\/\/holzbildhauer-workshop.de\/?s={search_term_string}\"},\"query-input\":{\"@type\":\"PropertyValueSpecification\",\"valueRequired\":true,\"valueName\":\"search_term_string\"}}],\"inLanguage\":\"de\"},{\"@type\":[\"Person\",\"Organization\"],\"@id\":\"https:\/\/holzbildhauer-workshop.de\/#\/schema\/person\/0f427df507260f3caa649406922716b1\",\"name\":\"admin\",\"image\":{\"@type\":\"ImageObject\",\"inLanguage\":\"de\",\"@id\":\"https:\/\/holzbildhauer-workshop.de\/#\/schema\/person\/image\/\",\"url\":\"https:\/\/holzbildhauer-workshop.de\/wp-content\/uploads\/2026\/02\/favicon.png\",\"contentUrl\":\"https:\/\/holzbildhauer-workshop.de\/wp-content\/uploads\/2026\/02\/favicon.png\",\"width\":32,\"height\":32,\"caption\":\"admin\"},\"logo\":{\"@id\":\"https:\/\/holzbildhauer-workshop.de\/#\/schema\/person\/image\/\"},\"sameAs\":[\"http:\/\/hw.de\"]}]}<\/script>\n<!-- \/ Yoast SEO plugin. -->","yoast_head_json":{"title":"Schulgruppen & Firmen - Holzbildhauer-Workshop","robots":{"index":"index","follow":"follow","max-snippet":"max-snippet:-1","max-image-preview":"max-image-preview:large","max-video-preview":"max-video-preview:-1"},"canonical":"https:\/\/holzbildhauer-workshop.de\/?page_id=31","og_locale":"de_DE","og_type":"article","og_title":"Schulgruppen & Firmen - Holzbildhauer-Workshop","og_description":"Leistung Motivationstraining und Aufgabenbew\u00e4ltigung durch Teamarbeit | Grundlagen der Holzbildhauerei | Umgang mit dem Bildhauereisen &nbsp;|&nbsp;Werkzeug- und Materialkunde |&nbsp;Entwurfarbeit und freies Arbeiten &nbsp;am Objekt | &nbsp;Anleitung w\u00e4hrend des gesamten Workshop-Zeitraumes | Oberfl\u00e4chenbehandlung |&nbsp;Tips und Unterhaltung zum Thema | Eigene Holzobjekte f\u00fcr Ihre R\u00e4ume |&nbsp;ZERTIFIKATE Teilnehmer Der Kurs ist f\u00fcr alle Neueinsteiger und fortgeschrittene bestens geeignet. ... Weiterlesen ...","og_url":"https:\/\/holzbildhauer-workshop.de\/?page_id=31","og_site_name":"Holzbildhauer-Workshop","article_modified_time":"2026-02-14T20:04:46+00:00","og_image":[{"width":960,"height":400,"url":"https:\/\/holzbildhauer-workshop.de\/wp-content\/uploads\/2026\/02\/HBHWS.jpg","type":"image\/jpeg"}],"twitter_card":"summary_large_image","twitter_misc":{"Gesch\u00e4tzte Lesezeit":"2\u00a0Minuten"},"schema":{"@context":"https:\/\/schema.org","@graph":[{"@type":"WebPage","@id":"https:\/\/holzbildhauer-workshop.de\/?page_id=31","url":"https:\/\/holzbildhauer-workshop.de\/?page_id=31","name":"Schulgruppen & Firmen - Holzbildhauer-Workshop","isPartOf":{"@id":"https:\/\/holzbildhauer-workshop.de\/#website"},"datePublished":"2013-03-20T18:57:34+00:00","dateModified":"2026-02-14T20:04:46+00:00","breadcrumb":{"@id":"https:\/\/holzbildhauer-workshop.de\/?page_id=31#breadcrumb"},"inLanguage":"de","potentialAction":[{"@type":"ReadAction","target":["https:\/\/holzbildhauer-workshop.de\/?page_id=31"]}]},{"@type":"BreadcrumbList","@id":"https:\/\/holzbildhauer-workshop.de\/?page_id=31#breadcrumb","itemListElement":[{"@type":"ListItem","position":1,"name":"Start","item":"https:\/\/holzbildhauer-workshop.de\/"},{"@type":"ListItem","position":2,"name":"Schulgruppen &#038; Firmen"}]},{"@type":"WebSite","@id":"https:\/\/holzbildhauer-workshop.de\/#website","url":"https:\/\/holzbildhauer-workshop.de\/","name":"Holzbildhauer-Workshop","description":"Holzbildhauer Workshops in Erfurt","publisher":{"@id":"https:\/\/holzbildhauer-workshop.de\/#\/schema\/person\/0f427df507260f3caa649406922716b1"},"alternateName":"Kunst f\u00fcr alle F\u00e4lle \u2013 Holzbildhauer Workshops in Erfurt","potentialAction":[{"@type":"SearchAction","target":{"@type":"EntryPoint","urlTemplate":"https:\/\/holzbildhauer-workshop.de\/?s={search_term_string}"},"query-input":{"@type":"PropertyValueSpecification","valueRequired":true,"valueName":"search_term_string"}}],"inLanguage":"de"},{"@type":["Person","Organization"],"@id":"https:\/\/holzbildhauer-workshop.de\/#\/schema\/person\/0f427df507260f3caa649406922716b1","name":"admin","image":{"@type":"ImageObject","inLanguage":"de","@id":"https:\/\/holzbildhauer-workshop.de\/#\/schema\/person\/image\/","url":"https:\/\/holzbildhauer-workshop.de\/wp-content\/uploads\/2026\/02\/favicon.png","contentUrl":"https:\/\/holzbildhauer-workshop.de\/wp-content\/uploads\/2026\/02\/favicon.png","width":32,"height":32,"caption":"admin"},"logo":{"@id":"https:\/\/holzbildhauer-workshop.de\/#\/schema\/person\/image\/"},"sameAs":["http:\/\/hw.de"]}]}},"_links":{"self":[{"href":"https:\/\/holzbildhauer-workshop.de\/index.php?rest_route=\/wp\/v2\/pages\/31","targetHints":{"allow":["GET"]}}],"collection":[{"href":"https:\/\/holzbildhauer-workshop.de\/index.php?rest_route=\/wp\/v2\/pages"}],"about":[{"href":"https:\/\/holzbildhauer-workshop.de\/index.php?rest_route=\/wp\/v2\/types\/page"}],"author":[{"embeddable":true,"href":"https:\/\/holzbildhauer-workshop.de\/index.php?rest_route=\/wp\/v2\/users\/1"}],"replies":[{"embeddable":true,"href":"https:\/\/holzbildhauer-workshop.de\/index.php?rest_route=%2Fwp%2Fv2%2Fcomments&post=31"}],"version-history":[{"count":9,"href":"https:\/\/holzbildhauer-workshop.de\/index.php?rest_route=\/wp\/v2\/pages\/31\/revisions"}],"predecessor-version":[{"id":2670,"href":"https:\/\/holzbildhauer-workshop.de\/index.php?rest_route=\/wp\/v2\/pages\/31\/revisions\/2670"}],"wp:attachment":[{"href":"https:\/\/holzbildhauer-workshop.de\/index.php?rest_route=%2Fwp%2Fv2%2Fmedia&parent=31"}],"curies":[{"name":"wp","href":"https:\/\/api.w.org\/{rel}","templated":true}]}}