{"id":53,"date":"2013-03-20T21:34:32","date_gmt":"2013-03-20T19:34:32","guid":{"rendered":"http:\/\/www.holzbildhauer-workshop.de\/?page_id=53"},"modified":"2026-02-14T19:20:50","modified_gmt":"2026-02-14T18:20:50","slug":"workshops","status":"publish","type":"page","link":"https:\/\/holzbildhauer-workshop.de\/?page_id=53","title":{"rendered":"Workshops"},"content":{"rendered":"\n<h1 class=\"wp-block-heading\"><span style=\"color: #dbb559;\"><span style=\"color: #dbb559;\"><a title=\"1 Tag\" href=\"http:\/\/www.holzbildhauer-workshop.de\/?page_id=12\"><span style=\"color: #dbb559;\">1-TAGES-<\/span><span style=\"color: #9c9d83;\">Workshop<\/span><\/a><br>\n<\/span><\/span><\/h1>\n\n\n\n<figure class=\"wp-block-image size-full\"><img loading=\"lazy\" decoding=\"async\" width=\"960\" height=\"400\" src=\"http:\/\/hw.de\/wp-content\/uploads\/2026\/02\/1tages-WS1.jpg\" alt=\"\" class=\"wp-image-2404\" srcset=\"https:\/\/holzbildhauer-workshop.de\/wp-content\/uploads\/2026\/02\/1tages-WS1.jpg 960w, https:\/\/holzbildhauer-workshop.de\/wp-content\/uploads\/2026\/02\/1tages-WS1-300x125.jpg 300w, https:\/\/holzbildhauer-workshop.de\/wp-content\/uploads\/2026\/02\/1tages-WS1-768x320.jpg 768w\" sizes=\"auto, (max-width: 960px) 100vw, 960px\" \/><\/figure>\n\n\n\n<p><\/p>\n\n\n\n<p><strong>Der Anfang ist gemacht.<\/strong>&nbsp;Genau das Richtige um einen freien Tag zu genie\u00dfen und sich mit dem Material Holz und verschiedenen Schnitzwerkzeugen anzufreunden. <span style=\"color: #333333;\">Probieren Sie sich aus und folgen einigen unserer Beispiele oder bringen eigene Ideen und Motive mit. Viel Vergn\u00fcgen und gutes Gelingen!<\/span><\/p>\n\n\n\n<p><span style=\"color: #333333;\">F\u00fcr Sch\u00fcler und Erwachsene , Freunde &amp; Familien und Kollegen.<\/span><br><span style=\"color: #333333;\"><br><\/span><a href=\"http:\/\/holzbildhauer-workshop.de\/?page_id=20\" data-type=\"link\" data-id=\"http:\/\/holzbildhauser-workshop.de\/?page_id=20\">Tipp: auch als Geschenkgutschein<\/a><span style=\"color: #333333;\"><strong><em>&nbsp;<\/em><\/strong><\/span><em>(beliebige Betr\u00e4ge)<\/em><span style=\"color: #333333;\"><\/span><strong><span class=\"Apple-style-span\" style=\"color: #808080; font-weight: normal;\"><em>&nbsp;<\/em><\/span><\/strong><\/p>\n\n\n\n<div class=\"wp-block-buttons is-layout-flex wp-block-buttons-is-layout-flex\">\n<div class=\"wp-block-button\"><a class=\"wp-block-button__link wp-element-button\" href=\"http:\/\/holzbildhauer-workshop.de\/?page_id=20\">Mehr Infos | 120,- Euro<\/a><\/div>\n\n\n\n<div class=\"wp-block-button\"><a class=\"wp-block-button__link wp-element-button\" href=\"\/?page_id=20\">Anfragen<\/a><\/div>\n<\/div>\n\n\n\n<hr class=\"wp-block-separator has-alpha-channel-opacity\"\/>\n\n\n\n<p><\/p>\n\n\n\n<h1 class=\"wp-block-heading\">&nbsp;<span style=\"color: #dbb559;\"><a title=\"2 Tage\" href=\"http:\/\/www.holzbildhauer-workshop.de\/?page_id=14\"><span style=\"color: #dbb559;\">2-TAGES-<span style=\"color: #9c9d83;\">Workshop<\/span><\/span><\/a><strong>&nbsp;<\/strong><\/span><\/h1>\n\n\n\n<figure class=\"wp-block-image size-full\"><img loading=\"lazy\" decoding=\"async\" width=\"960\" height=\"400\" src=\"http:\/\/hw.de\/wp-content\/uploads\/2026\/02\/2tages-WS.jpg\" alt=\"\" class=\"wp-image-2405\" srcset=\"https:\/\/holzbildhauer-workshop.de\/wp-content\/uploads\/2026\/02\/2tages-WS.jpg 960w, https:\/\/holzbildhauer-workshop.de\/wp-content\/uploads\/2026\/02\/2tages-WS-300x125.jpg 300w, https:\/\/holzbildhauer-workshop.de\/wp-content\/uploads\/2026\/02\/2tages-WS-768x320.jpg 768w\" sizes=\"auto, (max-width: 960px) 100vw, 960px\" \/><\/figure>\n\n\n\n<p><\/p>\n\n\n\n<p><span style=\"color: #333333;\"><strong>Nat\u00fcrlich fig\u00fcrlich<\/strong>. Dieses Jahr steht im Zeichen des Torso, bei dem thematisch und gestalterisch keine Grenzen gestetzt werden!&nbsp;Eigene Entw\u00fcrfe werden erdacht oder nach Vorlagen geschnitzt.<\/span> <span style=\"color: #333333;\">Der Torso kann farblich oder h\u00f6lzern ge\u00f6lt, jeden Raum verzaubern.<\/span><\/p>\n\n\n\n<p><span style=\"color: #333333;\">F\u00fcr Sch\u00fcler und Erwachsene , Freunde &amp; Familien und Kollegen.<\/span><br><span style=\"color: #333333;\"><br><\/span><a href=\"http:\/\/holzbildhauer-workshop.de\/?page_id=20\" data-type=\"link\" data-id=\"http:\/\/holzbildhauer-workshop.de\/?page_id=20\">Tipp: auch als Geschenkgutschein<\/a><span style=\"color: #333333;\"><strong><em>&nbsp;<\/em><\/strong><\/span><em>(beliebige Betr\u00e4ge)<\/em><span style=\"color: #333333;\"><\/span><strong><span class=\"Apple-style-span\" style=\"color: #808080; font-weight: normal;\"><em>&nbsp;<\/em><\/span><\/strong><\/p>\n\n\n\n<div class=\"wp-block-buttons is-layout-flex wp-block-buttons-is-layout-flex\">\n<div class=\"wp-block-button\"><a class=\"wp-block-button__link wp-element-button\" href=\"?page_id=14\">Mehr Infos | 240,- Euro<\/a><\/div>\n\n\n\n<div class=\"wp-block-button\"><a class=\"wp-block-button__link wp-element-button\" href=\"\/?page_id=20\">Anfragen<\/a><\/div>\n<\/div>\n\n\n\n<hr class=\"wp-block-separator has-alpha-channel-opacity\"\/>\n\n\n\n<h1 class=\"wp-block-heading\">&nbsp;<span style=\"color: #dbb559;\"><span style=\"color: #dbb559;\"><a title=\"5 Tage\" href=\"http:\/\/www.holzbildhauer-workshop.de\/?page_id=16\"><span style=\"color: #dbb559;\">4-TAGES-<\/span><span style=\"color: #9c9d83;\">Workshop<\/span><\/a><\/span><\/span><\/h1>\n\n\n\n<figure class=\"wp-block-image size-full\"><img loading=\"lazy\" decoding=\"async\" width=\"960\" height=\"400\" src=\"http:\/\/hw.de\/wp-content\/uploads\/2026\/02\/4TageWS.jpg\" alt=\"\" class=\"wp-image-2406\" srcset=\"https:\/\/holzbildhauer-workshop.de\/wp-content\/uploads\/2026\/02\/4TageWS.jpg 960w, https:\/\/holzbildhauer-workshop.de\/wp-content\/uploads\/2026\/02\/4TageWS-300x125.jpg 300w, https:\/\/holzbildhauer-workshop.de\/wp-content\/uploads\/2026\/02\/4TageWS-768x320.jpg 768w\" sizes=\"auto, (max-width: 960px) 100vw, 960px\" \/><\/figure>\n\n\n\n<p><\/p>\n\n\n\n<p><span style=\"color: #333333;\">Sie arbeiten auf unseren Holzplatz und lassen sich die Sonne und den Wind um die Nase wehen.&nbsp;Neben Entwurfsunterricht und der Arbeit mit Holzbildhauerwerkzeugen, erlernen Sie au\u00dferdem den Umgang mit einer E-Kettens\u00e4ge. Begeben Sie sich auf die Reise in die Holzgestaltung- ein Erlebnis das Eindruck macht.&nbsp;<\/span><\/p>\n\n\n\n<p><span style=\"color: #333333;\">Geeignet f\u00fcr Einstieger und fortgeschrittene ab 16 Jahren. Der Workshop ist auch au\u00dferhalb im privaten oder gesch\u00e4ftlichen Umfeld bestens denkbar. Sprechen Sie uns daf\u00fcr an.<\/span><\/p>\n\n\n\n<p><span style=\"color: #333333;\">F\u00fcr Sch\u00fcler und Erwachsene , Freunde &amp; Familien und Kollegen.<\/span><br><br><a href=\"http:\/\/holzbildhauer-workshop.de\/?page_id=20\" data-type=\"link\" data-id=\"http:\/\/holzbildhauer-workshop.de\/?page_id=20\">Tipp: auch als Geschenkgutschein<\/a><span style=\"color: #333333;\"><strong><em>&nbsp;<\/em><\/strong><\/span><em>(beliebige Betr\u00e4ge)<\/em><span style=\"color: #333333;\"><\/span><strong><span class=\"Apple-style-span\" style=\"color: #808080; font-weight: normal;\"><em>&nbsp;<\/em><\/span><\/strong><\/p>\n\n\n\n<div class=\"wp-block-buttons is-layout-flex wp-block-buttons-is-layout-flex\">\n<div class=\"wp-block-button\"><a class=\"wp-block-button__link wp-element-button\" href=\"?page_id=16\">Mehr Infos | 480,- Euro<\/a><\/div>\n\n\n\n<div class=\"wp-block-button\"><a class=\"wp-block-button__link wp-element-button\" href=\"\/?page_id=20\">Anfragen<\/a><\/div>\n<\/div>\n\n\n\n<hr class=\"wp-block-separator has-alpha-channel-opacity\"\/>\n\n\n\n<h1 class=\"wp-block-heading\">\u00a0<span style=\"color: #dbb559;\"><span style=\"color: #dbb559;\"><span style=\"color: #bf9140;\"><span style=\"color: #dbb559;\">SCH\u00dcLER-<\/span><span style=\"color: #888888;\">Projekte<\/span><\/span><\/span><\/span><\/h1>\n\n\n\n<figure class=\"wp-block-image size-full\"><img loading=\"lazy\" decoding=\"async\" width=\"960\" height=\"400\" src=\"http:\/\/holzbildhauer-workshop.de\/wp-content\/uploads\/2013\/03\/SchuelerWS1.jpg\" alt=\"\" class=\"wp-image-2176\" srcset=\"https:\/\/holzbildhauer-workshop.de\/wp-content\/uploads\/2013\/03\/SchuelerWS1.jpg 960w, https:\/\/holzbildhauer-workshop.de\/wp-content\/uploads\/2013\/03\/SchuelerWS1-300x125.jpg 300w, https:\/\/holzbildhauer-workshop.de\/wp-content\/uploads\/2013\/03\/SchuelerWS1-768x320.jpg 768w\" sizes=\"auto, (max-width: 960px) 100vw, 960px\" \/><\/figure>\n\n\n\n<p><\/p>\n\n\n\n<p><span style=\"color: #333333;\">Die Sch\u00fcler werden miteinander handwerkliche Erfahrungen sammeln und erleben sowohl den Umgang mit Holz als auch die Ausdauer und Freude bei der Fertigstellung des Projektes.<\/span><\/p>\n\n\n\n<p><span style=\"color: #333333;\">Gerne bereiten wir daf\u00fcr den passenden Rahmen und begleiten individuelle W\u00fcnsche oder Teamarbeiten.&nbsp;Wir stellen daf\u00fcr unsere Werkstatt zur Verf\u00fcgung oder kommen zu Ihnen!<\/span><\/p>\n\n\n\n<div class=\"wp-block-buttons is-layout-flex wp-block-buttons-is-layout-flex\">\n<div class=\"wp-block-button\"><a class=\"wp-block-button__link wp-element-button\" href=\"?page_id=31\">Mehr Infos<\/a><\/div>\n\n\n\n<div class=\"wp-block-button\"><a class=\"wp-block-button__link wp-element-button\" href=\"\/?page_id=20\">Anfragen<\/a><\/div>\n<\/div>\n\n\n\n<hr class=\"wp-block-separator has-alpha-channel-opacity\"\/>\n\n\n\n<h1 class=\"wp-block-heading\">\u00a0<span style=\"color: #dbb559;\"><span style=\"color: #dbb559;\"><span style=\"color: #bf9140;\"><span style=\"color: #dbb559;\">Gruppen-<\/span><span style=\"color: #888888;\">Events<\/span><\/span><\/span><\/span><\/h1>\n\n\n\n<figure class=\"wp-block-image size-full\"><img loading=\"lazy\" decoding=\"async\" width=\"960\" height=\"400\" src=\"http:\/\/hw.de\/wp-content\/uploads\/2026\/02\/GruppenWS.jpg\" alt=\"\" class=\"wp-image-2416\" srcset=\"https:\/\/holzbildhauer-workshop.de\/wp-content\/uploads\/2026\/02\/GruppenWS.jpg 960w, https:\/\/holzbildhauer-workshop.de\/wp-content\/uploads\/2026\/02\/GruppenWS-300x125.jpg 300w, https:\/\/holzbildhauer-workshop.de\/wp-content\/uploads\/2026\/02\/GruppenWS-768x320.jpg 768w\" sizes=\"auto, (max-width: 960px) 100vw, 960px\" \/><\/figure>\n\n\n\n<p><span style=\"color: #333333;\"><span style=\"color: #000000;\"><span style=\"color: #333333;\">Wir bieten Ihnen einen funktionieren Rahmen f\u00fcr Ihre Feierlichkeit oder erarbeiten eine Themenwahl f\u00fcr aktive Teamarbeit. Versuchen Sie sich in der Holzbildhauerei und erleben Sie einen ideenreichen Tag oder kreative Woche! Es wartet eine handwerkliche Herausforderung auf dem Weg zu einem eigenem Holzobjekt, das Ihre R\u00e4umlichkeiten schm\u00fccken wird. Ob Einzelobjekte oder \u00a0ein Gesamtkunstwerk, wir geben \u00a0Anreize und stehen Ihren Ideen offen gegen\u00fcber.<\/span>\u00a0<\/span><\/span><br><br><span style=\"color: #333333;\"><span style=\"color: #000000;\"><span style=\"color: #888888;\"><a href=\"http:\/\/holzbildhauer-workshop.de\/?page_id=20\" data-type=\"link\" data-id=\"http:\/\/holzbildhauer-workshop.de\/?page_id=20\">Tipp<\/a><a href=\"http:\/\/hw.de\/?page_id=20\" data-type=\"page\" data-id=\"20\">:\u00a0<\/a><\/span><span style=\"color: #808080;\"><a href=\"\/?page_id=20\" data-type=\"page\" data-id=\"20\"><span style=\"color: #808080;\">buchen Sie schon jetzt Ihre Weihnachtsfeier<\/span>!<\/a><\/span><\/span><\/span><\/p>\n\n\n\n<div class=\"wp-block-buttons is-layout-flex wp-block-buttons-is-layout-flex\">\n<div class=\"wp-block-button\"><a class=\"wp-block-button__link wp-element-button\" href=\"\/?id=12\">Mehr Infos<\/a><\/div>\n\n\n\n<div class=\"wp-block-button\"><a class=\"wp-block-button__link wp-element-button\" href=\"?page_id=20\">Anfragen<\/a><\/div>\n<\/div>\n\n\n\n<p><\/p>\n","protected":false},"excerpt":{"rendered":"<p>1-TAGES-Workshop Der Anfang ist gemacht.&nbsp;Genau das Richtige um einen freien Tag zu genie\u00dfen und sich mit dem Material Holz und verschiedenen Schnitzwerkzeugen anzufreunden. Probieren Sie sich aus und folgen einigen unserer Beispiele oder bringen eigene Ideen und Motive mit. Viel Vergn\u00fcgen und gutes Gelingen! F\u00fcr Sch\u00fcler und Erwachsene , Freunde &amp; Familien und Kollegen.Tipp: auch &#8230; <a title=\"Workshops\" class=\"read-more\" href=\"https:\/\/holzbildhauer-workshop.de\/?page_id=53\" aria-label=\"Mehr Informationen \u00fcber Workshops\">Weiterlesen &#8230;<\/a><\/p>\n","protected":false},"author":1,"featured_media":0,"parent":0,"menu_order":0,"comment_status":"closed","ping_status":"closed","template":"","meta":{"footnotes":""},"class_list":["post-53","page","type-page","status-publish"],"yoast_head":"<!-- This site is optimized with the Yoast SEO plugin v26.9 - https:\/\/yoast.com\/product\/yoast-seo-wordpress\/ -->\n<title>Workshops - Holzbildhauer-Workshop<\/title>\n<meta name=\"robots\" content=\"index, follow, max-snippet:-1, max-image-preview:large, max-video-preview:-1\" \/>\n<link rel=\"canonical\" href=\"https:\/\/holzbildhauer-workshop.de\/?page_id=53\" \/>\n<meta property=\"og:locale\" content=\"de_DE\" \/>\n<meta property=\"og:type\" content=\"article\" \/>\n<meta property=\"og:title\" content=\"Workshops - Holzbildhauer-Workshop\" \/>\n<meta property=\"og:description\" content=\"1-TAGES-Workshop Der Anfang ist gemacht.&nbsp;Genau das Richtige um einen freien Tag zu genie\u00dfen und sich mit dem Material Holz und verschiedenen Schnitzwerkzeugen anzufreunden. Probieren Sie sich aus und folgen einigen unserer Beispiele oder bringen eigene Ideen und Motive mit. Viel Vergn\u00fcgen und gutes Gelingen! F\u00fcr Sch\u00fcler und Erwachsene , Freunde &amp; Familien und Kollegen.Tipp: auch ... Weiterlesen ...\" \/>\n<meta property=\"og:url\" content=\"https:\/\/holzbildhauer-workshop.de\/?page_id=53\" \/>\n<meta property=\"og:site_name\" content=\"Holzbildhauer-Workshop\" \/>\n<meta property=\"article:modified_time\" content=\"2026-02-14T18:20:50+00:00\" \/>\n<meta property=\"og:image\" content=\"https:\/\/holzbildhauer-workshop.de\/wp-content\/uploads\/2026\/02\/1tages-WS1.jpg\" \/>\n\t<meta property=\"og:image:width\" content=\"960\" \/>\n\t<meta property=\"og:image:height\" content=\"400\" \/>\n\t<meta property=\"og:image:type\" content=\"image\/jpeg\" \/>\n<meta name=\"twitter:card\" content=\"summary_large_image\" \/>\n<meta name=\"twitter:label1\" content=\"Gesch\u00e4tzte Lesezeit\" \/>\n\t<meta name=\"twitter:data1\" content=\"2\u00a0Minuten\" \/>\n<script type=\"application\/ld+json\" class=\"yoast-schema-graph\">{\"@context\":\"https:\/\/schema.org\",\"@graph\":[{\"@type\":\"WebPage\",\"@id\":\"https:\/\/holzbildhauer-workshop.de\/?page_id=53\",\"url\":\"https:\/\/holzbildhauer-workshop.de\/?page_id=53\",\"name\":\"Workshops - Holzbildhauer-Workshop\",\"isPartOf\":{\"@id\":\"https:\/\/holzbildhauer-workshop.de\/#website\"},\"primaryImageOfPage\":{\"@id\":\"https:\/\/holzbildhauer-workshop.de\/?page_id=53#primaryimage\"},\"image\":{\"@id\":\"https:\/\/holzbildhauer-workshop.de\/?page_id=53#primaryimage\"},\"thumbnailUrl\":\"http:\/\/hw.de\/wp-content\/uploads\/2026\/02\/1tages-WS1.jpg\",\"datePublished\":\"2013-03-20T19:34:32+00:00\",\"dateModified\":\"2026-02-14T18:20:50+00:00\",\"breadcrumb\":{\"@id\":\"https:\/\/holzbildhauer-workshop.de\/?page_id=53#breadcrumb\"},\"inLanguage\":\"de\",\"potentialAction\":[{\"@type\":\"ReadAction\",\"target\":[\"https:\/\/holzbildhauer-workshop.de\/?page_id=53\"]}]},{\"@type\":\"ImageObject\",\"inLanguage\":\"de\",\"@id\":\"https:\/\/holzbildhauer-workshop.de\/?page_id=53#primaryimage\",\"url\":\"http:\/\/hw.de\/wp-content\/uploads\/2026\/02\/1tages-WS1.jpg\",\"contentUrl\":\"http:\/\/hw.de\/wp-content\/uploads\/2026\/02\/1tages-WS1.jpg\"},{\"@type\":\"BreadcrumbList\",\"@id\":\"https:\/\/holzbildhauer-workshop.de\/?page_id=53#breadcrumb\",\"itemListElement\":[{\"@type\":\"ListItem\",\"position\":1,\"name\":\"Start\",\"item\":\"https:\/\/holzbildhauer-workshop.de\/\"},{\"@type\":\"ListItem\",\"position\":2,\"name\":\"Workshops\"}]},{\"@type\":\"WebSite\",\"@id\":\"https:\/\/holzbildhauer-workshop.de\/#website\",\"url\":\"https:\/\/holzbildhauer-workshop.de\/\",\"name\":\"Holzbildhauer-Workshop\",\"description\":\"Holzbildhauer Workshops in Erfurt\",\"publisher\":{\"@id\":\"https:\/\/holzbildhauer-workshop.de\/#\/schema\/person\/0f427df507260f3caa649406922716b1\"},\"alternateName\":\"Kunst f\u00fcr alle F\u00e4lle \u2013 Holzbildhauer Workshops in Erfurt\",\"potentialAction\":[{\"@type\":\"SearchAction\",\"target\":{\"@type\":\"EntryPoint\",\"urlTemplate\":\"https:\/\/holzbildhauer-workshop.de\/?s={search_term_string}\"},\"query-input\":{\"@type\":\"PropertyValueSpecification\",\"valueRequired\":true,\"valueName\":\"search_term_string\"}}],\"inLanguage\":\"de\"},{\"@type\":[\"Person\",\"Organization\"],\"@id\":\"https:\/\/holzbildhauer-workshop.de\/#\/schema\/person\/0f427df507260f3caa649406922716b1\",\"name\":\"admin\",\"image\":{\"@type\":\"ImageObject\",\"inLanguage\":\"de\",\"@id\":\"https:\/\/holzbildhauer-workshop.de\/#\/schema\/person\/image\/\",\"url\":\"https:\/\/holzbildhauer-workshop.de\/wp-content\/uploads\/2026\/02\/favicon.png\",\"contentUrl\":\"https:\/\/holzbildhauer-workshop.de\/wp-content\/uploads\/2026\/02\/favicon.png\",\"width\":32,\"height\":32,\"caption\":\"admin\"},\"logo\":{\"@id\":\"https:\/\/holzbildhauer-workshop.de\/#\/schema\/person\/image\/\"},\"sameAs\":[\"http:\/\/hw.de\"]}]}<\/script>\n<!-- \/ Yoast SEO plugin. -->","yoast_head_json":{"title":"Workshops - Holzbildhauer-Workshop","robots":{"index":"index","follow":"follow","max-snippet":"max-snippet:-1","max-image-preview":"max-image-preview:large","max-video-preview":"max-video-preview:-1"},"canonical":"https:\/\/holzbildhauer-workshop.de\/?page_id=53","og_locale":"de_DE","og_type":"article","og_title":"Workshops - Holzbildhauer-Workshop","og_description":"1-TAGES-Workshop Der Anfang ist gemacht.&nbsp;Genau das Richtige um einen freien Tag zu genie\u00dfen und sich mit dem Material Holz und verschiedenen Schnitzwerkzeugen anzufreunden. Probieren Sie sich aus und folgen einigen unserer Beispiele oder bringen eigene Ideen und Motive mit. Viel Vergn\u00fcgen und gutes Gelingen! F\u00fcr Sch\u00fcler und Erwachsene , Freunde &amp; Familien und Kollegen.Tipp: auch ... Weiterlesen ...","og_url":"https:\/\/holzbildhauer-workshop.de\/?page_id=53","og_site_name":"Holzbildhauer-Workshop","article_modified_time":"2026-02-14T18:20:50+00:00","og_image":[{"width":960,"height":400,"url":"https:\/\/holzbildhauer-workshop.de\/wp-content\/uploads\/2026\/02\/1tages-WS1.jpg","type":"image\/jpeg"}],"twitter_card":"summary_large_image","twitter_misc":{"Gesch\u00e4tzte Lesezeit":"2\u00a0Minuten"},"schema":{"@context":"https:\/\/schema.org","@graph":[{"@type":"WebPage","@id":"https:\/\/holzbildhauer-workshop.de\/?page_id=53","url":"https:\/\/holzbildhauer-workshop.de\/?page_id=53","name":"Workshops - Holzbildhauer-Workshop","isPartOf":{"@id":"https:\/\/holzbildhauer-workshop.de\/#website"},"primaryImageOfPage":{"@id":"https:\/\/holzbildhauer-workshop.de\/?page_id=53#primaryimage"},"image":{"@id":"https:\/\/holzbildhauer-workshop.de\/?page_id=53#primaryimage"},"thumbnailUrl":"http:\/\/hw.de\/wp-content\/uploads\/2026\/02\/1tages-WS1.jpg","datePublished":"2013-03-20T19:34:32+00:00","dateModified":"2026-02-14T18:20:50+00:00","breadcrumb":{"@id":"https:\/\/holzbildhauer-workshop.de\/?page_id=53#breadcrumb"},"inLanguage":"de","potentialAction":[{"@type":"ReadAction","target":["https:\/\/holzbildhauer-workshop.de\/?page_id=53"]}]},{"@type":"ImageObject","inLanguage":"de","@id":"https:\/\/holzbildhauer-workshop.de\/?page_id=53#primaryimage","url":"http:\/\/hw.de\/wp-content\/uploads\/2026\/02\/1tages-WS1.jpg","contentUrl":"http:\/\/hw.de\/wp-content\/uploads\/2026\/02\/1tages-WS1.jpg"},{"@type":"BreadcrumbList","@id":"https:\/\/holzbildhauer-workshop.de\/?page_id=53#breadcrumb","itemListElement":[{"@type":"ListItem","position":1,"name":"Start","item":"https:\/\/holzbildhauer-workshop.de\/"},{"@type":"ListItem","position":2,"name":"Workshops"}]},{"@type":"WebSite","@id":"https:\/\/holzbildhauer-workshop.de\/#website","url":"https:\/\/holzbildhauer-workshop.de\/","name":"Holzbildhauer-Workshop","description":"Holzbildhauer Workshops in Erfurt","publisher":{"@id":"https:\/\/holzbildhauer-workshop.de\/#\/schema\/person\/0f427df507260f3caa649406922716b1"},"alternateName":"Kunst f\u00fcr alle F\u00e4lle \u2013 Holzbildhauer Workshops in Erfurt","potentialAction":[{"@type":"SearchAction","target":{"@type":"EntryPoint","urlTemplate":"https:\/\/holzbildhauer-workshop.de\/?s={search_term_string}"},"query-input":{"@type":"PropertyValueSpecification","valueRequired":true,"valueName":"search_term_string"}}],"inLanguage":"de"},{"@type":["Person","Organization"],"@id":"https:\/\/holzbildhauer-workshop.de\/#\/schema\/person\/0f427df507260f3caa649406922716b1","name":"admin","image":{"@type":"ImageObject","inLanguage":"de","@id":"https:\/\/holzbildhauer-workshop.de\/#\/schema\/person\/image\/","url":"https:\/\/holzbildhauer-workshop.de\/wp-content\/uploads\/2026\/02\/favicon.png","contentUrl":"https:\/\/holzbildhauer-workshop.de\/wp-content\/uploads\/2026\/02\/favicon.png","width":32,"height":32,"caption":"admin"},"logo":{"@id":"https:\/\/holzbildhauer-workshop.de\/#\/schema\/person\/image\/"},"sameAs":["http:\/\/hw.de"]}]}},"_links":{"self":[{"href":"https:\/\/holzbildhauer-workshop.de\/index.php?rest_route=\/wp\/v2\/pages\/53","targetHints":{"allow":["GET"]}}],"collection":[{"href":"https:\/\/holzbildhauer-workshop.de\/index.php?rest_route=\/wp\/v2\/pages"}],"about":[{"href":"https:\/\/holzbildhauer-workshop.de\/index.php?rest_route=\/wp\/v2\/types\/page"}],"author":[{"embeddable":true,"href":"https:\/\/holzbildhauer-workshop.de\/index.php?rest_route=\/wp\/v2\/users\/1"}],"replies":[{"embeddable":true,"href":"https:\/\/holzbildhauer-workshop.de\/index.php?rest_route=%2Fwp%2Fv2%2Fcomments&post=53"}],"version-history":[{"count":37,"href":"https:\/\/holzbildhauer-workshop.de\/index.php?rest_route=\/wp\/v2\/pages\/53\/revisions"}],"predecessor-version":[{"id":2646,"href":"https:\/\/holzbildhauer-workshop.de\/index.php?rest_route=\/wp\/v2\/pages\/53\/revisions\/2646"}],"wp:attachment":[{"href":"https:\/\/holzbildhauer-workshop.de\/index.php?rest_route=%2Fwp%2Fv2%2Fmedia&parent=53"}],"curies":[{"name":"wp","href":"https:\/\/api.w.org\/{rel}","templated":true}]}}