{"id":750,"date":"2013-04-21T23:21:58","date_gmt":"2013-04-21T21:21:58","guid":{"rendered":"http:\/\/www.holzbildhauer-workshop.de\/?page_id=750"},"modified":"2026-02-14T20:54:09","modified_gmt":"2026-02-14T19:54:09","slug":"home","status":"publish","type":"page","link":"https:\/\/holzbildhauer-workshop.de\/","title":{"rendered":"Kunst f\u00fcr alle F\u00e4lle"},"content":{"rendered":"<div class=\"n2-section-smartslider fitvidsignore  n2_clear\" data-ssid=\"2\"><div id=\"n2-ss-2-align\" class=\"n2-ss-align\"><div class=\"n2-padding\"><div id=\"n2-ss-2\" data-creator=\"Smart Slider 3\" data-responsive=\"auto\" class=\"n2-ss-slider n2-ow n2-has-hover n2notransition  \">\n\n\n\n<div class=\"n2-ss-slider-wrapper-inside\">\n        <div class=\"n2-ss-slider-1 n2_ss__touch_element n2-ow\">\n            <div class=\"n2-ss-slider-2 n2-ow\">\n                                                <div class=\"n2-ss-slider-3 n2-ow\">\n\n                    <div class=\"n2-ss-slide-backgrounds n2-ow-all\"><div class=\"n2-ss-slide-background\" data-public-id=\"1\" data-mode=\"fill\"><div class=\"n2-ss-slide-background-image\" data-blur=\"0\" data-opacity=\"100\" data-x=\"50\" data-y=\"50\" data-alt=\"\" data-title=\"\"><picture class=\"skip-lazy\" data-skip-lazy=\"1\"><img decoding=\"async\" src=\"\/\/holzbildhauer-workshop.de\/wp-content\/uploads\/2026\/02\/1tages-WS1.jpg\" alt=\"\" title=\"\" loading=\"lazy\" class=\"skip-lazy\" data-skip-lazy=\"1\"><\/picture><\/div><div data-color=\"RGBA(255,255,255,0)\" style=\"background-color: RGBA(255,255,255,0);\" class=\"n2-ss-slide-background-color\"><\/div><\/div><div class=\"n2-ss-slide-background\" data-public-id=\"2\" data-mode=\"fill\" aria-hidden=\"true\"><div class=\"n2-ss-slide-background-image\" data-blur=\"0\" data-opacity=\"100\" data-x=\"50\" data-y=\"50\" data-alt=\"\" data-title=\"\"><picture class=\"skip-lazy\" data-skip-lazy=\"1\"><img decoding=\"async\" src=\"\/\/holzbildhauer-workshop.de\/wp-content\/uploads\/2026\/02\/2tages-WS.jpg\" alt=\"\" title=\"\" loading=\"lazy\" class=\"skip-lazy\" data-skip-lazy=\"1\"><\/picture><\/div><div data-color=\"RGBA(255,255,255,0)\" style=\"background-color: RGBA(255,255,255,0);\" class=\"n2-ss-slide-background-color\"><\/div><\/div><div class=\"n2-ss-slide-background\" data-public-id=\"3\" data-mode=\"fill\" aria-hidden=\"true\"><div class=\"n2-ss-slide-background-image\" data-blur=\"0\" data-opacity=\"100\" data-x=\"50\" data-y=\"50\" data-alt=\"\" data-title=\"\"><picture class=\"skip-lazy\" data-skip-lazy=\"1\"><img decoding=\"async\" src=\"\/\/holzbildhauer-workshop.de\/wp-content\/uploads\/2026\/02\/4TageWS.jpg\" alt=\"\" title=\"\" loading=\"lazy\" class=\"skip-lazy\" data-skip-lazy=\"1\"><\/picture><\/div><div data-color=\"RGBA(255,255,255,0)\" style=\"background-color: RGBA(255,255,255,0);\" class=\"n2-ss-slide-background-color\"><\/div><\/div><div class=\"n2-ss-slide-background\" data-public-id=\"4\" data-mode=\"fill\" aria-hidden=\"true\"><div class=\"n2-ss-slide-background-image\" data-blur=\"0\" data-opacity=\"100\" data-x=\"50\" data-y=\"50\" data-alt=\"\" data-title=\"\"><picture class=\"skip-lazy\" data-skip-lazy=\"1\"><img decoding=\"async\" src=\"\/\/holzbildhauer-workshop.de\/wp-content\/uploads\/2026\/02\/SchuelerWS1.jpg\" alt=\"\" title=\"\" loading=\"lazy\" class=\"skip-lazy\" data-skip-lazy=\"1\"><\/picture><\/div><div data-color=\"RGBA(255,255,255,0)\" style=\"background-color: RGBA(255,255,255,0);\" class=\"n2-ss-slide-background-color\"><\/div><\/div><div class=\"n2-ss-slide-background\" data-public-id=\"5\" data-mode=\"fill\" aria-hidden=\"true\"><div class=\"n2-ss-slide-background-image\" data-blur=\"0\" data-opacity=\"100\" data-x=\"50\" data-y=\"50\" data-alt=\"\" data-title=\"\"><picture class=\"skip-lazy\" data-skip-lazy=\"1\"><img decoding=\"async\" src=\"\/\/holzbildhauer-workshop.de\/wp-content\/uploads\/2026\/02\/Holzhoehle.jpg\" alt=\"\" title=\"\" loading=\"lazy\" class=\"skip-lazy\" data-skip-lazy=\"1\"><\/picture><\/div><div data-color=\"RGBA(255,255,255,0)\" style=\"background-color: RGBA(255,255,255,0);\" class=\"n2-ss-slide-background-color\"><\/div><\/div><\/div>                    <div class=\"n2-ss-slider-4 n2-ow\">\n                        <svg xmlns=\"http:\/\/www.w3.org\/2000\/svg\" viewBox=\"0 0 1200 600\" data-related-device=\"desktopPortrait\" class=\"n2-ow n2-ss-preserve-size n2-ss-preserve-size--slider n2-ss-slide-limiter\"><\/svg><div data-first=\"1\" data-slide-duration=\"0\" data-id=\"6\" data-slide-public-id=\"1\" data-title=\"1tages-WS1\" class=\"n2-ss-slide n2-ow  n2-ss-slide-6\"><div role=\"note\" class=\"n2-ss-slide--focus\" tabindex=\"-1\">1tages-WS1<\/div><div class=\"n2-ss-layers-container n2-ss-slide-limiter n2-ow\"><div class=\"n2-ss-layer n2-ow n-uc-7EwndIqa0pL4\" data-sstype=\"slide\" data-pm=\"default\"><\/div><\/div><\/div><div data-slide-duration=\"0\" data-id=\"17\" data-slide-public-id=\"2\" aria-hidden=\"true\" data-title=\"2tages-WS\" class=\"n2-ss-slide n2-ow  n2-ss-slide-17\"><div role=\"note\" class=\"n2-ss-slide--focus\" tabindex=\"-1\">2tages-WS<\/div><div class=\"n2-ss-layers-container n2-ss-slide-limiter n2-ow\"><div class=\"n2-ss-layer n2-ow n-uc-hwVTWKQKyhor\" data-sstype=\"slide\" data-pm=\"default\"><\/div><\/div><\/div><div data-slide-duration=\"0\" data-id=\"5\" data-slide-public-id=\"3\" aria-hidden=\"true\" data-title=\"4TageWS\" class=\"n2-ss-slide n2-ow  n2-ss-slide-5\"><div role=\"note\" class=\"n2-ss-slide--focus\" tabindex=\"-1\">4TageWS<\/div><div class=\"n2-ss-layers-container n2-ss-slide-limiter n2-ow\"><div class=\"n2-ss-layer n2-ow n-uc-mc2yMzJIaoyv\" data-sstype=\"slide\" data-pm=\"default\"><\/div><\/div><\/div><div data-slide-duration=\"0\" data-id=\"12\" data-slide-public-id=\"4\" aria-hidden=\"true\" data-title=\"SchuelerWS1\" class=\"n2-ss-slide n2-ow  n2-ss-slide-12\"><div role=\"note\" class=\"n2-ss-slide--focus\" tabindex=\"-1\">SchuelerWS1<\/div><div class=\"n2-ss-layers-container n2-ss-slide-limiter n2-ow\"><div class=\"n2-ss-layer n2-ow n-uc-W6odafHVE0qk\" data-sstype=\"slide\" data-pm=\"default\"><\/div><\/div><\/div><div data-slide-duration=\"0\" data-id=\"9\" data-slide-public-id=\"5\" aria-hidden=\"true\" data-title=\"Holzhoehle\" class=\"n2-ss-slide n2-ow  n2-ss-slide-9\"><div role=\"note\" class=\"n2-ss-slide--focus\" tabindex=\"-1\">Holzhoehle<\/div><div class=\"n2-ss-layers-container n2-ss-slide-limiter n2-ow\"><div class=\"n2-ss-layer n2-ow n-uc-G9AU33wOJQeZ\" data-sstype=\"slide\" data-pm=\"default\"><\/div><\/div><\/div>                    <\/div>\n\n                                    <\/div>\n            <\/div>\n        <\/div>\n        <div class=\"n2-ss-slider-controls n2-ss-slider-controls-absolute-right-top\"><div style=\"--widget-offset:15px;\" class=\"n2-ss-widget n2-style-f17ddbf2d8ed14421f9093b94b93b8a9-heading nextend-autoplay n2-ow-all nextend-autoplay-image\" role=\"button\" aria-label=\"Play autoplay\" data-pause-label=\"Pause autoplay\" data-play-label=\"Play autoplay\" tabindex=\"0\"><img loading=\"lazy\" decoding=\"async\" width=\"16\" height=\"16\" class=\"nextend-autoplay-play skip-lazy\" data-skip-lazy=\"1\" src=\"data:image\/svg+xml;base64,PHN2ZyB3aWR0aD0iMTYiIGhlaWdodD0iMTYiIHZpZXdCb3g9IjAgMCAxNiAxNiIgeG1sbnM9Imh0dHA6Ly93d3cudzMub3JnLzIwMDAvc3ZnIj4KICAgIDxwYXRoIGQ9Ik0xMS41OCA3LjAzTDUuMzAyIDIuMTY1QzUuMTY1IDIuMDU3IDUuMDE2IDIgNC44NTcgMiA0LjM4NCAyIDQgMi41MDQgNCAzLjEyNXY5Ljc1YzAgLjYyLjM4NCAxLjEyNS44NTcgMS4xMjUuMTYgMCAuMzA4LS4wNTcuNDM2LS4xNTZMMTEuNTggOC45N2MuMjUtLjE5OC40Mi0uNTU4LjQyLS45NyAwLS40MTItLjE3LS43NzMtLjQyLS45N3oiCiAgICAgICAgICBmaWxsPSIjZmZmZmZmIiBvcGFjaXR5PSIwLjgiIGZpbGwtcnVsZT0iZXZlbm9kZCIvPgo8L3N2Zz4=\" alt=\"Play\"><img loading=\"lazy\" decoding=\"async\" width=\"16\" height=\"16\" class=\"nextend-autoplay-pause skip-lazy\" data-skip-lazy=\"1\" src=\"data:image\/svg+xml;base64,PHN2ZyB3aWR0aD0iMTYiIGhlaWdodD0iMTYiIHZpZXdCb3g9IjAgMCAxNiAxNiIgeG1sbnM9Imh0dHA6Ly93d3cudzMub3JnLzIwMDAvc3ZnIj4KICAgIDxwYXRoIGQ9Ik00IDJ2MTJoM1YySDR6bTUgMHYxMmgzVjJIOXoiIGZpbGw9IiNmZmZmZmYiIG9wYWNpdHk9IjAuOCIgZmlsbC1ydWxlPSJldmVub2RkIi8+Cjwvc3ZnPg==\" alt=\"Pause\"><\/div><\/div><div class=\"n2-ss-slider-controls n2-ss-slider-controls-absolute-left-center\"><div style=\"--widget-offset:15px;\" class=\"n2-ss-widget nextend-arrow n2-ow-all nextend-arrow-previous  nextend-arrow-animated-fade\" data-hide-mobileportrait=\"1\" id=\"n2-ss-2-arrow-previous\" role=\"button\" aria-label=\"previous arrow\" tabindex=\"0\"><img loading=\"lazy\" decoding=\"async\" width=\"32\" height=\"32\" class=\"skip-lazy\" data-skip-lazy=\"1\" src=\"data:image\/svg+xml;base64,PHN2ZyB3aWR0aD0iMzIiIGhlaWdodD0iMzIiIHZpZXdCb3g9IjAgMCAzMiAzMiIgeG1sbnM9Imh0dHA6Ly93d3cudzMub3JnLzIwMDAvc3ZnIj4KICAgIDxwYXRoIGQ9Ik0xMS40MzMgMTUuOTkyTDIyLjY5IDUuNzEyYy4zOTMtLjM5LjM5My0xLjAzIDAtMS40Mi0uMzkzLS4zOS0xLjAzLS4zOS0xLjQyMyAwbC0xMS45OCAxMC45NGMtLjIxLjIxLS4zLjQ5LS4yODUuNzYtLjAxNS4yOC4wNzUuNTYuMjg0Ljc3bDExLjk4IDEwLjk0Yy4zOTMuMzkgMS4wMy4zOSAxLjQyNCAwIC4zOTMtLjQuMzkzLTEuMDMgMC0xLjQybC0xMS4yNTctMTAuMjkiCiAgICAgICAgICBmaWxsPSIjZmZmZmZmIiBvcGFjaXR5PSIwLjgiIGZpbGwtcnVsZT0iZXZlbm9kZCIvPgo8L3N2Zz4=\" alt=\"previous arrow\"><\/div><\/div><div class=\"n2-ss-slider-controls n2-ss-slider-controls-absolute-right-center\"><div style=\"--widget-offset:15px;\" class=\"n2-ss-widget nextend-arrow n2-ow-all nextend-arrow-next  nextend-arrow-animated-fade\" data-hide-mobileportrait=\"1\" id=\"n2-ss-2-arrow-next\" role=\"button\" aria-label=\"next arrow\" tabindex=\"0\"><img loading=\"lazy\" decoding=\"async\" width=\"32\" height=\"32\" class=\"skip-lazy\" data-skip-lazy=\"1\" src=\"data:image\/svg+xml;base64,PHN2ZyB3aWR0aD0iMzIiIGhlaWdodD0iMzIiIHZpZXdCb3g9IjAgMCAzMiAzMiIgeG1sbnM9Imh0dHA6Ly93d3cudzMub3JnLzIwMDAvc3ZnIj4KICAgIDxwYXRoIGQ9Ik0xMC43MjIgNC4yOTNjLS4zOTQtLjM5LTEuMDMyLS4zOS0xLjQyNyAwLS4zOTMuMzktLjM5MyAxLjAzIDAgMS40MmwxMS4yODMgMTAuMjgtMTEuMjgzIDEwLjI5Yy0uMzkzLjM5LS4zOTMgMS4wMiAwIDEuNDIuMzk1LjM5IDEuMDMzLjM5IDEuNDI3IDBsMTIuMDA3LTEwLjk0Yy4yMS0uMjEuMy0uNDkuMjg0LS43Ny4wMTQtLjI3LS4wNzYtLjU1LS4yODYtLjc2TDEwLjcyIDQuMjkzeiIKICAgICAgICAgIGZpbGw9IiNmZmZmZmYiIG9wYWNpdHk9IjAuOCIgZmlsbC1ydWxlPSJldmVub2RkIi8+Cjwvc3ZnPg==\" alt=\"next arrow\"><\/div><\/div><\/div><\/div><ss3-loader><\/ss3-loader><\/div><\/div><div class=\"n2_clear\"><\/div><\/div>\n\n\n<p><\/p>\n\n\n\n<h1 class=\"wp-block-heading\"><strong>Kunst f\u00fcr alle F\u00e4lle<\/strong>\u00a0&#8211; Holzbildhauer Workshops in Erfurt<\/h1>\n\n\n\n<p><\/p>\n\n\n\n<p>Begeben Sie sich auf die k\u00fcnstlerische&nbsp;Reise in die Holzbildhauerei und erleben Sie sich selbst zwischen Idee und Umsetzung, Inspiration und Handwerk.<\/p>\n\n\n\n<p>Gemeinsam mit dem Holzgestalter Florian Schmigalle,&nbsp;schnitzen Sie Figuren, Schalen, Reliefe und \u00fcben sich mit erstklassigen Schnitzwerkzeugen. Sagen Sie dem Alltag mal adieu, goodbye und bis sp\u00e4ter! Lust auf Sp\u00e4ne, dann herzlich Willkommen!<br><br><\/p>\n\n\n\n<div class=\"wp-block-buttons is-layout-flex wp-block-buttons-is-layout-flex\">\n<div class=\"wp-block-button\"><a class=\"wp-block-button__link wp-element-button\" href=\"https:\/\/holzbildhauer-workshop.de\/?page_id=53\">Workshops<\/a><\/div>\n\n\n\n<div class=\"wp-block-button\"><a class=\"wp-block-button__link wp-element-button\" href=\"https:\/\/holzbildhauer-workshop.de\/?page_id=22\">Termine 2026<\/a><\/div>\n\n\n\n<div class=\"wp-block-button\"><a class=\"wp-block-button__link wp-element-button\" href=\"https:\/\/holzbildhauer-workshop.de\/?page_id=20\">Anmeldung<\/a><\/div>\n\n\n\n<div class=\"wp-block-button\"><a class=\"wp-block-button__link wp-element-button\" href=\"https:\/\/holzbildhauer-workshop.de\/?page_id=81\">Referenzen<\/a><\/div>\n\n\n\n<div class=\"wp-block-button\"><a class=\"wp-block-button__link wp-element-button\" href=\"https:\/\/holzbildhauer-workshop.de\/?page_id=31\">Kontakt &amp; Anfahrt<\/a><\/div>\n<\/div>\n\n\n\n<p><\/p>\n\n\n<figure class=\"wp-block-embed wp-block-embed-youtube is-type-video is-provider-youtube epyt-figure\"><div class=\"wp-block-embed__wrapper\"><iframe loading=\"lazy\"  id=\"_ytid_74128\"  width=\"1200\" height=\"675\"  data-origwidth=\"1200\" data-origheight=\"675\" src=\"https:\/\/www.youtube.com\/embed\/qochsd9vPSk?enablejsapi=1&#038;rel=1&#038;disablekb=0&#038;autoplay=0&#038;cc_load_policy=0&#038;cc_lang_pref=&#038;iv_load_policy=1&#038;loop=0&#038;fs=1&#038;playsinline=0&#038;autohide=2&#038;theme=dark&#038;color=red&#038;controls=1&#038;\" class=\"__youtube_prefs__  no-lazyload\" title=\"YouTube player\"  allow=\"fullscreen; accelerometer; autoplay; clipboard-write; encrypted-media; gyroscope; picture-in-picture; web-share\" referrerpolicy=\"strict-origin-when-cross-origin\" allowfullscreen data-no-lazy=\"1\" data-skipgform_ajax_framebjll=\"\"><\/iframe><\/div><\/figure>\n\n\n<p><\/p>\n","protected":false},"excerpt":{"rendered":"<p>Kunst f\u00fcr alle F\u00e4lle\u00a0&#8211; Holzbildhauer Workshops in Erfurt Begeben Sie sich auf die k\u00fcnstlerische&nbsp;Reise in die Holzbildhauerei und erleben Sie sich selbst zwischen Idee und Umsetzung, Inspiration und Handwerk. Gemeinsam mit dem Holzgestalter Florian Schmigalle,&nbsp;schnitzen Sie Figuren, Schalen, Reliefe und \u00fcben sich mit erstklassigen Schnitzwerkzeugen. Sagen Sie dem Alltag mal adieu, goodbye und bis sp\u00e4ter! &#8230; <a title=\"Kunst f\u00fcr alle F\u00e4lle\" class=\"read-more\" href=\"https:\/\/holzbildhauer-workshop.de\/\" aria-label=\"Mehr Informationen \u00fcber Kunst f\u00fcr alle F\u00e4lle\">Weiterlesen &#8230;<\/a><\/p>\n","protected":false},"author":1,"featured_media":0,"parent":0,"menu_order":0,"comment_status":"closed","ping_status":"open","template":"","meta":{"footnotes":""},"class_list":["post-750","page","type-page","status-publish"],"yoast_head":"<!-- This site is optimized with the Yoast SEO plugin v26.9 - https:\/\/yoast.com\/product\/yoast-seo-wordpress\/ -->\n<title>Kunst f\u00fcr alle F\u00e4lle - Holzbildhauer-Workshop<\/title>\n<meta name=\"robots\" content=\"index, follow, max-snippet:-1, max-image-preview:large, max-video-preview:-1\" \/>\n<link rel=\"canonical\" href=\"https:\/\/holzbildhauer-workshop.de\/\" \/>\n<meta property=\"og:locale\" content=\"de_DE\" \/>\n<meta property=\"og:type\" content=\"article\" \/>\n<meta property=\"og:title\" content=\"Kunst f\u00fcr alle F\u00e4lle - Holzbildhauer-Workshop\" \/>\n<meta property=\"og:description\" content=\"Kunst f\u00fcr alle F\u00e4lle\u00a0&#8211; Holzbildhauer Workshops in Erfurt Begeben Sie sich auf die k\u00fcnstlerische&nbsp;Reise in die Holzbildhauerei und erleben Sie sich selbst zwischen Idee und Umsetzung, Inspiration und Handwerk. Gemeinsam mit dem Holzgestalter Florian Schmigalle,&nbsp;schnitzen Sie Figuren, Schalen, Reliefe und \u00fcben sich mit erstklassigen Schnitzwerkzeugen. Sagen Sie dem Alltag mal adieu, goodbye und bis sp\u00e4ter! ... Weiterlesen ...\" \/>\n<meta property=\"og:url\" content=\"https:\/\/holzbildhauer-workshop.de\/\" \/>\n<meta property=\"og:site_name\" content=\"Holzbildhauer-Workshop\" \/>\n<meta property=\"article:modified_time\" content=\"2026-02-14T19:54:09+00:00\" \/>\n<meta property=\"og:image\" content=\"https:\/\/holzbildhauer-workshop.de\/wp-content\/uploads\/2026\/02\/HBHWS.jpg\" \/>\n\t<meta property=\"og:image:width\" content=\"960\" \/>\n\t<meta property=\"og:image:height\" content=\"400\" \/>\n\t<meta property=\"og:image:type\" content=\"image\/jpeg\" \/>\n<meta name=\"twitter:card\" content=\"summary_large_image\" \/>\n<meta name=\"twitter:label1\" content=\"Gesch\u00e4tzte Lesezeit\" \/>\n\t<meta name=\"twitter:data1\" content=\"1\u00a0Minute\" \/>\n<script type=\"application\/ld+json\" class=\"yoast-schema-graph\">{\"@context\":\"https:\/\/schema.org\",\"@graph\":[{\"@type\":\"WebPage\",\"@id\":\"https:\/\/holzbildhauer-workshop.de\/\",\"url\":\"https:\/\/holzbildhauer-workshop.de\/\",\"name\":\"Kunst f\u00fcr alle F\u00e4lle - Holzbildhauer-Workshop\",\"isPartOf\":{\"@id\":\"https:\/\/holzbildhauer-workshop.de\/#website\"},\"datePublished\":\"2013-04-21T21:21:58+00:00\",\"dateModified\":\"2026-02-14T19:54:09+00:00\",\"breadcrumb\":{\"@id\":\"https:\/\/holzbildhauer-workshop.de\/#breadcrumb\"},\"inLanguage\":\"de\",\"potentialAction\":[{\"@type\":\"ReadAction\",\"target\":[\"https:\/\/holzbildhauer-workshop.de\/\"]}]},{\"@type\":\"BreadcrumbList\",\"@id\":\"https:\/\/holzbildhauer-workshop.de\/#breadcrumb\",\"itemListElement\":[{\"@type\":\"ListItem\",\"position\":1,\"name\":\"Start\",\"item\":\"https:\/\/holzbildhauer-workshop.de\/\"},{\"@type\":\"ListItem\",\"position\":2,\"name\":\"Kunst f\u00fcr alle F\u00e4lle\"}]},{\"@type\":\"WebSite\",\"@id\":\"https:\/\/holzbildhauer-workshop.de\/#website\",\"url\":\"https:\/\/holzbildhauer-workshop.de\/\",\"name\":\"Holzbildhauer-Workshop\",\"description\":\"Holzbildhauer Workshops in Erfurt\",\"publisher\":{\"@id\":\"https:\/\/holzbildhauer-workshop.de\/#\/schema\/person\/0f427df507260f3caa649406922716b1\"},\"alternateName\":\"Kunst f\u00fcr alle F\u00e4lle \u2013 Holzbildhauer Workshops in Erfurt\",\"potentialAction\":[{\"@type\":\"SearchAction\",\"target\":{\"@type\":\"EntryPoint\",\"urlTemplate\":\"https:\/\/holzbildhauer-workshop.de\/?s={search_term_string}\"},\"query-input\":{\"@type\":\"PropertyValueSpecification\",\"valueRequired\":true,\"valueName\":\"search_term_string\"}}],\"inLanguage\":\"de\"},{\"@type\":[\"Person\",\"Organization\"],\"@id\":\"https:\/\/holzbildhauer-workshop.de\/#\/schema\/person\/0f427df507260f3caa649406922716b1\",\"name\":\"admin\",\"image\":{\"@type\":\"ImageObject\",\"inLanguage\":\"de\",\"@id\":\"https:\/\/holzbildhauer-workshop.de\/#\/schema\/person\/image\/\",\"url\":\"https:\/\/holzbildhauer-workshop.de\/wp-content\/uploads\/2026\/02\/favicon.png\",\"contentUrl\":\"https:\/\/holzbildhauer-workshop.de\/wp-content\/uploads\/2026\/02\/favicon.png\",\"width\":32,\"height\":32,\"caption\":\"admin\"},\"logo\":{\"@id\":\"https:\/\/holzbildhauer-workshop.de\/#\/schema\/person\/image\/\"},\"sameAs\":[\"http:\/\/hw.de\"]}]}<\/script>\n<!-- \/ Yoast SEO plugin. -->","yoast_head_json":{"title":"Kunst f\u00fcr alle F\u00e4lle - Holzbildhauer-Workshop","robots":{"index":"index","follow":"follow","max-snippet":"max-snippet:-1","max-image-preview":"max-image-preview:large","max-video-preview":"max-video-preview:-1"},"canonical":"https:\/\/holzbildhauer-workshop.de\/","og_locale":"de_DE","og_type":"article","og_title":"Kunst f\u00fcr alle F\u00e4lle - Holzbildhauer-Workshop","og_description":"Kunst f\u00fcr alle F\u00e4lle\u00a0&#8211; Holzbildhauer Workshops in Erfurt Begeben Sie sich auf die k\u00fcnstlerische&nbsp;Reise in die Holzbildhauerei und erleben Sie sich selbst zwischen Idee und Umsetzung, Inspiration und Handwerk. Gemeinsam mit dem Holzgestalter Florian Schmigalle,&nbsp;schnitzen Sie Figuren, Schalen, Reliefe und \u00fcben sich mit erstklassigen Schnitzwerkzeugen. Sagen Sie dem Alltag mal adieu, goodbye und bis sp\u00e4ter! ... Weiterlesen ...","og_url":"https:\/\/holzbildhauer-workshop.de\/","og_site_name":"Holzbildhauer-Workshop","article_modified_time":"2026-02-14T19:54:09+00:00","og_image":[{"width":960,"height":400,"url":"https:\/\/holzbildhauer-workshop.de\/wp-content\/uploads\/2026\/02\/HBHWS.jpg","type":"image\/jpeg"}],"twitter_card":"summary_large_image","twitter_misc":{"Gesch\u00e4tzte Lesezeit":"1\u00a0Minute"},"schema":{"@context":"https:\/\/schema.org","@graph":[{"@type":"WebPage","@id":"https:\/\/holzbildhauer-workshop.de\/","url":"https:\/\/holzbildhauer-workshop.de\/","name":"Kunst f\u00fcr alle F\u00e4lle - Holzbildhauer-Workshop","isPartOf":{"@id":"https:\/\/holzbildhauer-workshop.de\/#website"},"datePublished":"2013-04-21T21:21:58+00:00","dateModified":"2026-02-14T19:54:09+00:00","breadcrumb":{"@id":"https:\/\/holzbildhauer-workshop.de\/#breadcrumb"},"inLanguage":"de","potentialAction":[{"@type":"ReadAction","target":["https:\/\/holzbildhauer-workshop.de\/"]}]},{"@type":"BreadcrumbList","@id":"https:\/\/holzbildhauer-workshop.de\/#breadcrumb","itemListElement":[{"@type":"ListItem","position":1,"name":"Start","item":"https:\/\/holzbildhauer-workshop.de\/"},{"@type":"ListItem","position":2,"name":"Kunst f\u00fcr alle F\u00e4lle"}]},{"@type":"WebSite","@id":"https:\/\/holzbildhauer-workshop.de\/#website","url":"https:\/\/holzbildhauer-workshop.de\/","name":"Holzbildhauer-Workshop","description":"Holzbildhauer Workshops in Erfurt","publisher":{"@id":"https:\/\/holzbildhauer-workshop.de\/#\/schema\/person\/0f427df507260f3caa649406922716b1"},"alternateName":"Kunst f\u00fcr alle F\u00e4lle \u2013 Holzbildhauer Workshops in Erfurt","potentialAction":[{"@type":"SearchAction","target":{"@type":"EntryPoint","urlTemplate":"https:\/\/holzbildhauer-workshop.de\/?s={search_term_string}"},"query-input":{"@type":"PropertyValueSpecification","valueRequired":true,"valueName":"search_term_string"}}],"inLanguage":"de"},{"@type":["Person","Organization"],"@id":"https:\/\/holzbildhauer-workshop.de\/#\/schema\/person\/0f427df507260f3caa649406922716b1","name":"admin","image":{"@type":"ImageObject","inLanguage":"de","@id":"https:\/\/holzbildhauer-workshop.de\/#\/schema\/person\/image\/","url":"https:\/\/holzbildhauer-workshop.de\/wp-content\/uploads\/2026\/02\/favicon.png","contentUrl":"https:\/\/holzbildhauer-workshop.de\/wp-content\/uploads\/2026\/02\/favicon.png","width":32,"height":32,"caption":"admin"},"logo":{"@id":"https:\/\/holzbildhauer-workshop.de\/#\/schema\/person\/image\/"},"sameAs":["http:\/\/hw.de"]}]}},"_links":{"self":[{"href":"https:\/\/holzbildhauer-workshop.de\/index.php?rest_route=\/wp\/v2\/pages\/750","targetHints":{"allow":["GET"]}}],"collection":[{"href":"https:\/\/holzbildhauer-workshop.de\/index.php?rest_route=\/wp\/v2\/pages"}],"about":[{"href":"https:\/\/holzbildhauer-workshop.de\/index.php?rest_route=\/wp\/v2\/types\/page"}],"author":[{"embeddable":true,"href":"https:\/\/holzbildhauer-workshop.de\/index.php?rest_route=\/wp\/v2\/users\/1"}],"replies":[{"embeddable":true,"href":"https:\/\/holzbildhauer-workshop.de\/index.php?rest_route=%2Fwp%2Fv2%2Fcomments&post=750"}],"version-history":[{"count":25,"href":"https:\/\/holzbildhauer-workshop.de\/index.php?rest_route=\/wp\/v2\/pages\/750\/revisions"}],"predecessor-version":[{"id":2663,"href":"https:\/\/holzbildhauer-workshop.de\/index.php?rest_route=\/wp\/v2\/pages\/750\/revisions\/2663"}],"wp:attachment":[{"href":"https:\/\/holzbildhauer-workshop.de\/index.php?rest_route=%2Fwp%2Fv2%2Fmedia&parent=750"}],"curies":[{"name":"wp","href":"https:\/\/api.w.org\/{rel}","templated":true}]}}